{"id":994,"date":"2022-04-09T12:49:48","date_gmt":"2022-04-09T12:49:48","guid":{"rendered":"https:\/\/initiative-waidmannslust.com\/?page_id=994"},"modified":"2023-11-22T19:47:41","modified_gmt":"2023-11-22T19:47:41","slug":"interview-mit-ruth-winkelmann","status":"publish","type":"page","link":"https:\/\/initiative-waidmannslust.com\/index.php\/interview-mit-ruth-winkelmann\/","title":{"rendered":"Interview mit Ruth Winkelmann"},"content":{"rendered":"\n<figure class=\"wp-block-image size-large is-resized is-style-default\"><img loading=\"lazy\" decoding=\"async\" width=\"2481\" height=\"1861\" src=\"https:\/\/initiative-waidmannslust.com\/wp-content\/uploads\/2022\/04\/Ruth-Winkelmann-edited.jpg\" alt=\"\" class=\"wp-image-996\" style=\"width:373px\" srcset=\"https:\/\/initiative-waidmannslust.com\/wp-content\/uploads\/2022\/04\/Ruth-Winkelmann-edited.jpg 2481w, https:\/\/initiative-waidmannslust.com\/wp-content\/uploads\/2022\/04\/Ruth-Winkelmann-edited-300x225.jpg 300w, https:\/\/initiative-waidmannslust.com\/wp-content\/uploads\/2022\/04\/Ruth-Winkelmann-edited-1024x768.jpg 1024w, https:\/\/initiative-waidmannslust.com\/wp-content\/uploads\/2022\/04\/Ruth-Winkelmann-edited-768x576.jpg 768w, https:\/\/initiative-waidmannslust.com\/wp-content\/uploads\/2022\/04\/Ruth-Winkelmann-edited-1536x1152.jpg 1536w, https:\/\/initiative-waidmannslust.com\/wp-content\/uploads\/2022\/04\/Ruth-Winkelmann-edited-2048x1536.jpg 2048w\" sizes=\"auto, (max-width: 2481px) 100vw, 2481px\" \/><\/figure>\n\n\n\n<p><em>Vorbemerkung: da wir beide im Turnverein Waidmannslust (TVW) sind, ist es f\u00fcr Ruth eine<br>Selbstverst\u00e4ndlichkeit, dass wir uns duzen.<\/em><\/p>\n\n\n\n<p>Ich bin geboren am 08.09.1928 im j\u00fcdischen Krankenhaus in Berlin Wedding. 1932 zogen meine<br>Eltern mit mir nach Hohen-Neuendorf, dort hatten wir eine sehr sch\u00f6ne Wohnung mit Bad und<br>Ofenheizung.<\/p>\n\n\n\n<p>Meine Eltern wollten eigentlich 1933 nach Israel auswandern, denn mein Vater war Jude, meine<br>Mutter evangelische Christin, aber sie hatten kein Geld f\u00fcr die \u00dcberfahrt.<br>1934 wurde ich in die j\u00fcdische M\u00e4dchenschule eingeschult, das war keine religi\u00f6se, sondern eine rein<br>weltliche Schule.<\/p>\n\n\n\n<p>1936 kam meine Schwester Esther auf die Welt.<\/p>\n\n\n\n<p>1936 fanden die olympischen Spiele statt, an denen ich als Halbj\u00fcdin keine Veranstaltung besuchen<br>durfte.<\/p>\n\n\n\n<p>1938 war dann die Reichsprogromnacht (Ruth verwendet den Begriff \u201eReichskristallnacht\u201c, hat aber<br>nichts gegen die Formulierung \u201eReichsprogromnacht\u201c) am 09.11.1938, die mir sehr einschneidende<br>Erlebnisse brachte. So wurden wir z. B. in der Schule eingesperrt, die T\u00fcren wurden verbarrikadiert<br>und wir durften nicht raus. Nach ein paar Tagen beruhigte sich das Ganze wieder.<\/p>\n\n\n\n<p>Noch ein Erlebnis:<br>Auf der R\u00fcckfahrt von Mitte nach Hohen-Neuendorf kamen wir zur Kreuzung Wilhelmsruher<br>Damm\/Oranienburger Stra\u00dfe, und da waren schon Scheiben eingeworfen und in der Residenzstra\u00dfe<br>sahen wir anderntags an den Scheiben \u201eKauft nicht bei Juden\u201c und \u2013 ganz furchtbar &#8211; \u201eSchlagt die<br>Juden tot\u201c. Und in der Gartenstra\u00dfe sahen wir, wie der Mob einen jungen Mann schlug und ihm auf<br>den Mantel einen Davidstern gemalt hatte. Das war ganz schlimm.<\/p>\n\n\n\n<p>1939 bekamen wir Lebensmittelkarten, aber f\u00fcr Juden nur 2\/3 der Ration f\u00fcr Deutsche, wir bekamen<br>auch andere Ausweise mit einem gro\u00dfen \u201eJ\u201c drauf, sp\u00e4ter durfte man nur noch mit der Bahn zur<br>Arbeit fahren, dann musste der Stern getragen werden.<\/p>\n\n\n\n<p>1941 wurde meinem Vater das Angebot vom Rathaus Hohen-Neuendorf gemacht, einen<br>Arisierungsantrag zu stellen, aber das war eine T\u00e4uschung, mit der Beantragung wurde die Ehe<br>automatisch geschieden und meine Mutter musste mit uns Kindern ausziehen, da sie nicht mit einem<br>Juden zusammen leben durfte. Mein Vater zog sp\u00e4ter in eine Laube, von der er 1943 abgeholt wurde.<\/p>\n\n\n\n<p>Meine Mutter hatte dann Kontakt zu einem Herrn Lindenberg, der ihr sch\u00f6ne Augen gemacht hatte,<br>und der half uns, indem er uns seine Laube anbot, die sich aber als ein etwas besserer<br>Bretterverschlag herausstellte, flie\u00dfend Wasser gab es nur aus der Pumpe. In dieser Laube wohnten<br>wir bis 1945.<\/p>\n\n\n\n<p>Nachdem Herr Lindenberg wieder in Berlin war, hat er meiner Mutter einen Heiratsantrag gemacht<br>und sie heirateten 1947. Er hatte ein Grundst\u00fcck im Moorweg, das nach und nach bebaut wurde.<\/p>\n\n\n\n<p>Ich hatte nur viereinhalb Jahre die Grundschule besucht und wollte nach Kriegsende eine<br>weiterf\u00fchrende Schule besuchen. Das wurde mir aber verwehrt mit der Begr\u00fcndung, als 15j\u00e4hrige<br>h\u00e4tte ich keinen Anspruch mehr. Ich habe dann mit Gl\u00fcck eine Ausbildung zur Ma\u00dfschneiderei<br>machen k\u00f6nnen, die ich mit Erfolg abschlie\u00dfen konnte.<\/p>\n\n\n\n<p>1946 lernte ich bei einer Tanzveranstaltung meinen zuk\u00fcnftigen Mann kennen, wir heirateten 1949<br><em>(sie holt ein gerahmtes Foto vom Bord und zeigt es mir)<\/em>. Leider starb er 1995.<\/p>\n\n\n\n<p>Insgesamt kamen 15 Familienangeh\u00f6rige im KZ ums Leben.<\/p>\n\n\n\n<p>1951 zogen wir in eine eigene Wohnung, wir lebten sehr sparsam und konnten uns 1953 Motorr\u00e4der<br>leisten.<\/p>\n\n\n\n<p>1960 zogen wir in die Stra\u00dfe Am Wechsel, wo ich heute noch wohne.<\/p>\n\n\n\n<p><em>Und wann bist du in den TVW eingetreten?<\/em><br>1965 kam mein Sohn auf die Welt, und in diesem Jahr trat ich in den Turnverein Waidmannslust ein.<br>Dort war meine zweite Familie<\/p>\n\n\n\n<p>1972 gr\u00fcndete ich zusammen mit Heinz Liepe die Schwimmabteilung. Und heute leitet meine Enkelin die Schwimmabteilung.<\/p>\n\n\n\n<p>1987 kauften wir uns einen VW-Bus und bauten ihn aus. Sp\u00e4ter hatten wir dann Wohnmobile. Die<br>sch\u00f6nste Reise war die nach Island (Ruth steht zwischen 2 gro\u00dfen Fotos, s. oben), ich war aber auch<br>siebenmal in Israel.<\/p>\n\n\n\n<p><em>(Auf die Frage, ob sie vom gro\u00dfen Weltgeschehen etwas mitbekommt, antwortet sie entr\u00fcstet:<br>Nat\u00fcrlich, der Angriffskrieg von Putin macht mich w\u00fctend!)<\/em><\/p>\n\n\n\n<p>Liebe Ruth, ich danke dir sehr f\u00fcr dieses Gespr\u00e4ch.<\/p>\n\n\n\n<p>Das Gespr\u00e4ch wurde von Bernd Gemeinhardt von der Initiative Waidmannslust und 2. Vorsitzender<br>des TVW am 14.03.2022 in ihrem Haus gef\u00fchrt.<\/p>\n\n\n\n<p>Noch zwei Hinweise: trotz ihres hohen Alters h\u00e4lt Ruth immer noch Vortr\u00e4ge, auch im Pfarrhaus der<br>K\u00f6nigin-Luise-Kirche am 13.10.2020. Dabei erz\u00e4hlt sie aus ihrem Leben und kann f\u00fcr solche<br>Veranstaltungen \u201egebucht\u201c werden.<\/p>\n\n\n\n<p>Sehr empfehlenswert ist das Buch von ihr:<br>Ruth Winkelmann: Pl\u00f6tzlich hie\u00df ich Sara. Erinnerungen einer j\u00fcdischen Berlinerin 1933 \u2013 1945<br>Herausgegeben vom Heimatmuseum Reinickendorf, erschienen im Jaron-Verlag<\/p>\n\n\n\n<figure class=\"wp-block-embed is-type-video is-provider-youtube wp-block-embed-youtube wp-embed-aspect-16-9 wp-has-aspect-ratio\"><div class=\"wp-block-embed__wrapper\">\n<iframe loading=\"lazy\" title=\"Sie erlebte die Novemberpogrome 1938\" width=\"735\" height=\"413\" src=\"https:\/\/www.youtube.com\/embed\/ov0PUBKH6kY?feature=oembed\" frameborder=\"0\" allow=\"accelerometer; autoplay; clipboard-write; encrypted-media; gyroscope; picture-in-picture; web-share\" allowfullscreen><\/iframe>\n<\/div><figcaption class=\"wp-element-caption\">Beitrag von RBB24<\/figcaption><\/figure>\n","protected":false},"excerpt":{"rendered":"<p>Vorbemerkung: da wir beide im Turnverein Waidmannslust (TVW) sind, ist &hellip; <\/p>\n","protected":false},"author":1,"featured_media":0,"parent":0,"menu_order":0,"comment_status":"closed","ping_status":"closed","template":"","meta":{"_bbp_topic_count":0,"_bbp_reply_count":0,"_bbp_total_topic_count":0,"_bbp_total_reply_count":0,"_bbp_voice_count":0,"_bbp_anonymous_reply_count":0,"_bbp_topic_count_hidden":0,"_bbp_reply_count_hidden":0,"_bbp_forum_subforum_count":0,"footnotes":""},"class_list":["post-994","page","type-page","status-publish","hentry"],"yoast_head":"<!-- This site is optimized with the Yoast SEO plugin v27.4 - https:\/\/yoast.com\/product\/yoast-seo-wordpress\/ -->\n<title>Interview mit Ruth Winkelmann - Initiative-Waidmannslust<\/title>\n<meta name=\"robots\" content=\"index, follow, max-snippet:-1, max-image-preview:large, max-video-preview:-1\" \/>\n<link rel=\"canonical\" href=\"https:\/\/initiative-waidmannslust.com\/index.php\/interview-mit-ruth-winkelmann\/\" \/>\n<meta property=\"og:locale\" content=\"de_DE\" \/>\n<meta property=\"og:type\" content=\"article\" \/>\n<meta property=\"og:title\" content=\"Interview mit Ruth Winkelmann - Initiative-Waidmannslust\" \/>\n<meta property=\"og:description\" content=\"Vorbemerkung: da wir beide im Turnverein Waidmannslust (TVW) sind, ist &hellip;\" \/>\n<meta property=\"og:url\" content=\"https:\/\/initiative-waidmannslust.com\/index.php\/interview-mit-ruth-winkelmann\/\" \/>\n<meta property=\"og:site_name\" content=\"Initiative-Waidmannslust\" \/>\n<meta property=\"article:modified_time\" content=\"2023-11-22T19:47:41+00:00\" \/>\n<meta property=\"og:image\" content=\"https:\/\/initiative-waidmannslust.com\/wp-content\/uploads\/2022\/04\/Ruth-Winkelmann-edited.jpg\" \/>\n<meta name=\"twitter:card\" content=\"summary_large_image\" \/>\n<meta name=\"twitter:label1\" content=\"Gesch\u00e4tzte Lesezeit\" \/>\n\t<meta name=\"twitter:data1\" content=\"5\u00a0Minuten\" \/>\n<script type=\"application\/ld+json\" class=\"yoast-schema-graph\">{\"@context\":\"https:\\\/\\\/schema.org\",\"@graph\":[{\"@type\":\"WebPage\",\"@id\":\"https:\\\/\\\/initiative-waidmannslust.com\\\/index.php\\\/interview-mit-ruth-winkelmann\\\/\",\"url\":\"https:\\\/\\\/initiative-waidmannslust.com\\\/index.php\\\/interview-mit-ruth-winkelmann\\\/\",\"name\":\"Interview mit Ruth Winkelmann - Initiative-Waidmannslust\",\"isPartOf\":{\"@id\":\"https:\\\/\\\/initiative-waidmannslust.com\\\/#website\"},\"primaryImageOfPage\":{\"@id\":\"https:\\\/\\\/initiative-waidmannslust.com\\\/index.php\\\/interview-mit-ruth-winkelmann\\\/#primaryimage\"},\"image\":{\"@id\":\"https:\\\/\\\/initiative-waidmannslust.com\\\/index.php\\\/interview-mit-ruth-winkelmann\\\/#primaryimage\"},\"thumbnailUrl\":\"https:\\\/\\\/initiative-waidmannslust.com\\\/wp-content\\\/uploads\\\/2022\\\/04\\\/Ruth-Winkelmann-edited.jpg\",\"datePublished\":\"2022-04-09T12:49:48+00:00\",\"dateModified\":\"2023-11-22T19:47:41+00:00\",\"breadcrumb\":{\"@id\":\"https:\\\/\\\/initiative-waidmannslust.com\\\/index.php\\\/interview-mit-ruth-winkelmann\\\/#breadcrumb\"},\"inLanguage\":\"de\",\"potentialAction\":[{\"@type\":\"ReadAction\",\"target\":[\"https:\\\/\\\/initiative-waidmannslust.com\\\/index.php\\\/interview-mit-ruth-winkelmann\\\/\"]}]},{\"@type\":\"ImageObject\",\"inLanguage\":\"de\",\"@id\":\"https:\\\/\\\/initiative-waidmannslust.com\\\/index.php\\\/interview-mit-ruth-winkelmann\\\/#primaryimage\",\"url\":\"https:\\\/\\\/initiative-waidmannslust.com\\\/wp-content\\\/uploads\\\/2022\\\/04\\\/Ruth-Winkelmann-edited.jpg\",\"contentUrl\":\"https:\\\/\\\/initiative-waidmannslust.com\\\/wp-content\\\/uploads\\\/2022\\\/04\\\/Ruth-Winkelmann-edited.jpg\",\"width\":2481,\"height\":1861},{\"@type\":\"BreadcrumbList\",\"@id\":\"https:\\\/\\\/initiative-waidmannslust.com\\\/index.php\\\/interview-mit-ruth-winkelmann\\\/#breadcrumb\",\"itemListElement\":[{\"@type\":\"ListItem\",\"position\":1,\"name\":\"Startseite\",\"item\":\"https:\\\/\\\/initiative-waidmannslust.com\\\/\"},{\"@type\":\"ListItem\",\"position\":2,\"name\":\"Interview mit Ruth Winkelmann\"}]},{\"@type\":\"WebSite\",\"@id\":\"https:\\\/\\\/initiative-waidmannslust.com\\\/#website\",\"url\":\"https:\\\/\\\/initiative-waidmannslust.com\\\/\",\"name\":\"Initiative-Waidmannslust\",\"description\":\"\",\"publisher\":{\"@id\":\"https:\\\/\\\/initiative-waidmannslust.com\\\/#organization\"},\"potentialAction\":[{\"@type\":\"SearchAction\",\"target\":{\"@type\":\"EntryPoint\",\"urlTemplate\":\"https:\\\/\\\/initiative-waidmannslust.com\\\/?s={search_term_string}\"},\"query-input\":{\"@type\":\"PropertyValueSpecification\",\"valueRequired\":true,\"valueName\":\"search_term_string\"}}],\"inLanguage\":\"de\"},{\"@type\":\"Organization\",\"@id\":\"https:\\\/\\\/initiative-waidmannslust.com\\\/#organization\",\"name\":\"Initiative Waidmannslust\",\"url\":\"https:\\\/\\\/initiative-waidmannslust.com\\\/\",\"logo\":{\"@type\":\"ImageObject\",\"inLanguage\":\"de\",\"@id\":\"https:\\\/\\\/initiative-waidmannslust.com\\\/#\\\/schema\\\/logo\\\/image\\\/\",\"url\":\"https:\\\/\\\/initiative-waidmannslust.com\\\/wp-content\\\/uploads\\\/2020\\\/01\\\/cropped-Logo-3.png\",\"contentUrl\":\"https:\\\/\\\/initiative-waidmannslust.com\\\/wp-content\\\/uploads\\\/2020\\\/01\\\/cropped-Logo-3.png\",\"width\":200,\"height\":52,\"caption\":\"Initiative Waidmannslust\"},\"image\":{\"@id\":\"https:\\\/\\\/initiative-waidmannslust.com\\\/#\\\/schema\\\/logo\\\/image\\\/\"}}]}<\/script>\n<!-- \/ Yoast SEO plugin. -->","yoast_head_json":{"title":"Interview mit Ruth Winkelmann - Initiative-Waidmannslust","robots":{"index":"index","follow":"follow","max-snippet":"max-snippet:-1","max-image-preview":"max-image-preview:large","max-video-preview":"max-video-preview:-1"},"canonical":"https:\/\/initiative-waidmannslust.com\/index.php\/interview-mit-ruth-winkelmann\/","og_locale":"de_DE","og_type":"article","og_title":"Interview mit Ruth Winkelmann - Initiative-Waidmannslust","og_description":"Vorbemerkung: da wir beide im Turnverein Waidmannslust (TVW) sind, ist &hellip;","og_url":"https:\/\/initiative-waidmannslust.com\/index.php\/interview-mit-ruth-winkelmann\/","og_site_name":"Initiative-Waidmannslust","article_modified_time":"2023-11-22T19:47:41+00:00","og_image":[{"url":"https:\/\/initiative-waidmannslust.com\/wp-content\/uploads\/2022\/04\/Ruth-Winkelmann-edited.jpg","type":"","width":"","height":""}],"twitter_card":"summary_large_image","twitter_misc":{"Gesch\u00e4tzte Lesezeit":"5\u00a0Minuten"},"schema":{"@context":"https:\/\/schema.org","@graph":[{"@type":"WebPage","@id":"https:\/\/initiative-waidmannslust.com\/index.php\/interview-mit-ruth-winkelmann\/","url":"https:\/\/initiative-waidmannslust.com\/index.php\/interview-mit-ruth-winkelmann\/","name":"Interview mit Ruth Winkelmann - Initiative-Waidmannslust","isPartOf":{"@id":"https:\/\/initiative-waidmannslust.com\/#website"},"primaryImageOfPage":{"@id":"https:\/\/initiative-waidmannslust.com\/index.php\/interview-mit-ruth-winkelmann\/#primaryimage"},"image":{"@id":"https:\/\/initiative-waidmannslust.com\/index.php\/interview-mit-ruth-winkelmann\/#primaryimage"},"thumbnailUrl":"https:\/\/initiative-waidmannslust.com\/wp-content\/uploads\/2022\/04\/Ruth-Winkelmann-edited.jpg","datePublished":"2022-04-09T12:49:48+00:00","dateModified":"2023-11-22T19:47:41+00:00","breadcrumb":{"@id":"https:\/\/initiative-waidmannslust.com\/index.php\/interview-mit-ruth-winkelmann\/#breadcrumb"},"inLanguage":"de","potentialAction":[{"@type":"ReadAction","target":["https:\/\/initiative-waidmannslust.com\/index.php\/interview-mit-ruth-winkelmann\/"]}]},{"@type":"ImageObject","inLanguage":"de","@id":"https:\/\/initiative-waidmannslust.com\/index.php\/interview-mit-ruth-winkelmann\/#primaryimage","url":"https:\/\/initiative-waidmannslust.com\/wp-content\/uploads\/2022\/04\/Ruth-Winkelmann-edited.jpg","contentUrl":"https:\/\/initiative-waidmannslust.com\/wp-content\/uploads\/2022\/04\/Ruth-Winkelmann-edited.jpg","width":2481,"height":1861},{"@type":"BreadcrumbList","@id":"https:\/\/initiative-waidmannslust.com\/index.php\/interview-mit-ruth-winkelmann\/#breadcrumb","itemListElement":[{"@type":"ListItem","position":1,"name":"Startseite","item":"https:\/\/initiative-waidmannslust.com\/"},{"@type":"ListItem","position":2,"name":"Interview mit Ruth Winkelmann"}]},{"@type":"WebSite","@id":"https:\/\/initiative-waidmannslust.com\/#website","url":"https:\/\/initiative-waidmannslust.com\/","name":"Initiative-Waidmannslust","description":"","publisher":{"@id":"https:\/\/initiative-waidmannslust.com\/#organization"},"potentialAction":[{"@type":"SearchAction","target":{"@type":"EntryPoint","urlTemplate":"https:\/\/initiative-waidmannslust.com\/?s={search_term_string}"},"query-input":{"@type":"PropertyValueSpecification","valueRequired":true,"valueName":"search_term_string"}}],"inLanguage":"de"},{"@type":"Organization","@id":"https:\/\/initiative-waidmannslust.com\/#organization","name":"Initiative Waidmannslust","url":"https:\/\/initiative-waidmannslust.com\/","logo":{"@type":"ImageObject","inLanguage":"de","@id":"https:\/\/initiative-waidmannslust.com\/#\/schema\/logo\/image\/","url":"https:\/\/initiative-waidmannslust.com\/wp-content\/uploads\/2020\/01\/cropped-Logo-3.png","contentUrl":"https:\/\/initiative-waidmannslust.com\/wp-content\/uploads\/2020\/01\/cropped-Logo-3.png","width":200,"height":52,"caption":"Initiative Waidmannslust"},"image":{"@id":"https:\/\/initiative-waidmannslust.com\/#\/schema\/logo\/image\/"}}]}},"_links":{"self":[{"href":"https:\/\/initiative-waidmannslust.com\/index.php\/wp-json\/wp\/v2\/pages\/994","targetHints":{"allow":["GET"]}}],"collection":[{"href":"https:\/\/initiative-waidmannslust.com\/index.php\/wp-json\/wp\/v2\/pages"}],"about":[{"href":"https:\/\/initiative-waidmannslust.com\/index.php\/wp-json\/wp\/v2\/types\/page"}],"author":[{"embeddable":true,"href":"https:\/\/initiative-waidmannslust.com\/index.php\/wp-json\/wp\/v2\/users\/1"}],"replies":[{"embeddable":true,"href":"https:\/\/initiative-waidmannslust.com\/index.php\/wp-json\/wp\/v2\/comments?post=994"}],"version-history":[{"count":6,"href":"https:\/\/initiative-waidmannslust.com\/index.php\/wp-json\/wp\/v2\/pages\/994\/revisions"}],"predecessor-version":[{"id":1114,"href":"https:\/\/initiative-waidmannslust.com\/index.php\/wp-json\/wp\/v2\/pages\/994\/revisions\/1114"}],"wp:attachment":[{"href":"https:\/\/initiative-waidmannslust.com\/index.php\/wp-json\/wp\/v2\/media?parent=994"}],"curies":[{"name":"wp","href":"https:\/\/api.w.org\/{rel}","templated":true}]}}