{"id":959,"date":"2022-03-01T19:24:20","date_gmt":"2022-03-01T19:24:20","guid":{"rendered":"https:\/\/initiative-waidmannslust.com\/?page_id=959"},"modified":"2022-03-17T19:22:22","modified_gmt":"2022-03-17T19:22:22","slug":"interview-mit-frau-schlosser","status":"publish","type":"page","link":"https:\/\/initiative-waidmannslust.com\/index.php\/interview-mit-frau-schlosser\/","title":{"rendered":"Interview mit Frau Schlo\u00dfer"},"content":{"rendered":"\n<figure class=\"wp-block-image size-large is-resized is-style-default\"><img loading=\"lazy\" decoding=\"async\" src=\"https:\/\/initiative-waidmannslust.com\/wp-content\/uploads\/2022\/03\/image-851x1024.jpeg\" alt=\"\" class=\"wp-image-976\" width=\"317\" height=\"382\" srcset=\"https:\/\/initiative-waidmannslust.com\/wp-content\/uploads\/2022\/03\/image-851x1024.jpeg 851w, https:\/\/initiative-waidmannslust.com\/wp-content\/uploads\/2022\/03\/image-249x300.jpeg 249w, https:\/\/initiative-waidmannslust.com\/wp-content\/uploads\/2022\/03\/image-768x924.jpeg 768w, https:\/\/initiative-waidmannslust.com\/wp-content\/uploads\/2022\/03\/image.jpeg 1062w\" sizes=\"auto, (max-width: 317px) 100vw, 317px\" \/><\/figure>\n\n\n\n<p><em>K\u00f6nnen Sie sich bitte kurz vorstellen?<\/em><br>Ich hei\u00dfe Monika Schlo\u00dfer, geborene K\u00f6pper und bin vor 75 Jahren im Dominikus<br>Krankenhaus geboren. Ich habe die 19. Grundschule, heute M\u00fcnchhausen Grundschule,<br>besucht und habe den mittleren Schulabschluss in der Oberschule in Hermsdorf gemacht.<br>1962 wurde ich vom Pfarrer Born konfirmiert. Dann ging ich in die Lehre zum<br>Industriekaufmann (damals noch Kaufmann!) bei der Firma DIWAG Farbenfabrik, die sich<br>auf dem Gel\u00e4nde der heutigen Nordmeile befand. 1969 habe ich geheiratet. Bis zur Geburt<br>unserer Tochter habe ich bei der Firma gearbeitet und war danach Hausfrau. Ich habe mein<br>ganzes Leben in Waidmannslust verbracht, erst am Waidmannsluster Damm 124 und nach<br>meiner Heirat am Waidmannsluster Damm 122. 2013 ist mein Mann gestorben. 2017 ist<br>unser Mietshaus verkauft worden und die Mieten explodierten. Nach 49 Jahren musste ich<br>aus meiner alten Wohnung raus, habe aber in der N\u00e4he ein wunderbares neues Zuhause<br>gefunden.<\/p>\n\n\n\n<p><em>Welche Erinnerungen haben Sie an Ihre Kindheit in Waidmannslust?<\/em><br>Ich bin in einer Gro\u00dffamilie gro\u00df geworden; 3 Generationen wohnten in einem Haus. Meine<br>Gro\u00dfeltern f\u00fchrten ein Futtermittelgesch\u00e4ft und verkauften auch Kartoffeln und Eier. Auf dem<br>Hof gab es H\u00fchner und Kaninchen, Katzen und einen Hund. Pr\u00e4gend in meiner Erinnerung<br>bleibt ein starker Familienzusammenhalt. Wir Kinder spielten auf dem Hof oder auch Kreisel<br>mitten auf der Dianastra\u00dfe. Zur Schule lief ich mit den Kindern aus der Freien Scholle, die<br>mich abholten. Es gab viele Gesch\u00e4fte am Waidmannsluster Damm, mehrere kleine<br>Lebensmittelgesch\u00e4fte, einen B\u00e4cker, 2 Fleischereien, ein Juwelier, ein<br>Schreibwarengesch\u00e4ft, Kneipen, eine Polizeistelle. Ich ging oft zum Lebensmittelgesch\u00e4ft bei<br>Wichmanns am Waidmannsluster Damm 126 und wurde mit \u201eMonika, der Lenz ist da\u201c<br>begr\u00fc\u00dft. Es war wie eine gro\u00dfe Familie. Es wurde in den Fleischereien auch geschlachtet<br>und ich musste das Blut in einer Kanne holen; die Kanne wurde geschlossen und musste auf<br>dem Weg nach Hause st\u00e4ndig geschlenkert werden. Zu Hause wurde Blutwurst gemacht. Ja,<br>es ging sehr famili\u00e4r zu; jeder kannte jeden.<\/p>\n\n\n\n<p><em>Erinnern Sie sich an Kriegsruinen in den 50ger Jahren?<\/em><br>Ja. Wir haben in den Ruinen gespielt, obwohl wir nat\u00fcrlich nicht durften. Eine Fliegerbombe<br>hatte das Haus getroffen, wo jetzt am Waidmannsluster Damm die Reihenh\u00e4user stehen. Es<br>war unser Abenteuerspielplatz.<\/p>\n\n\n\n<p><em>Wie sehen Sie Waidmannslust heute?<\/em><br>Ich f\u00fchle mich nach wie vor in Waidmannslust wohl, aber es ist anonymer, ja steriler<br>geworden. Wenn ich \u00e4ltere Waidmannsluster\/innen treffe, tauschen wir uns \u00fcber die<br>Vergangenheit aus, aber es wird immer seltener. Ich w\u00fcnsche mir mehr Zusammenhalt und<br>Begegnungsm\u00f6glichkeiten; ich freue mich \u00fcber den neu gestalteten Dianapatz, wo viele<br>Familien sich treffen. Ich habe gute Kontakte in meinem Haus, bin ehrenamtlich in der<br>Kirchengemeinde aktiv und noch mit dem TV Waidmannslust , den mein Opa mit gegr\u00fcndet<br>hat, verbunden.<\/p>\n\n\n\n<p><br>Vielen Dank f\u00fcr dieses Gespr\u00e4ch<br>Christine Paulisch (f\u00fcr die Initiative Waidmannslust)<\/p>\n","protected":false},"excerpt":{"rendered":"<p>K\u00f6nnen Sie sich bitte kurz vorstellen?Ich hei\u00dfe Monika Schlo\u00dfer, geborene &hellip; <\/p>\n","protected":false},"author":1,"featured_media":0,"parent":0,"menu_order":0,"comment_status":"closed","ping_status":"closed","template":"","meta":{"_bbp_topic_count":0,"_bbp_reply_count":0,"_bbp_total_topic_count":0,"_bbp_total_reply_count":0,"_bbp_voice_count":0,"_bbp_anonymous_reply_count":0,"_bbp_topic_count_hidden":0,"_bbp_reply_count_hidden":0,"_bbp_forum_subforum_count":0,"footnotes":""},"class_list":["post-959","page","type-page","status-publish","hentry"],"yoast_head":"<!-- This site is optimized with the Yoast SEO plugin v27.4 - https:\/\/yoast.com\/product\/yoast-seo-wordpress\/ -->\n<title>Interview mit Frau Schlo\u00dfer - Initiative-Waidmannslust<\/title>\n<meta name=\"robots\" content=\"index, follow, max-snippet:-1, max-image-preview:large, max-video-preview:-1\" \/>\n<link rel=\"canonical\" href=\"https:\/\/initiative-waidmannslust.com\/index.php\/interview-mit-frau-schlosser\/\" \/>\n<meta property=\"og:locale\" content=\"de_DE\" \/>\n<meta property=\"og:type\" content=\"article\" \/>\n<meta property=\"og:title\" content=\"Interview mit Frau Schlo\u00dfer - Initiative-Waidmannslust\" \/>\n<meta property=\"og:description\" content=\"K\u00f6nnen Sie sich bitte kurz vorstellen?Ich hei\u00dfe Monika Schlo\u00dfer, geborene &hellip;\" \/>\n<meta property=\"og:url\" content=\"https:\/\/initiative-waidmannslust.com\/index.php\/interview-mit-frau-schlosser\/\" \/>\n<meta property=\"og:site_name\" content=\"Initiative-Waidmannslust\" \/>\n<meta property=\"article:modified_time\" content=\"2022-03-17T19:22:22+00:00\" \/>\n<meta property=\"og:image\" content=\"https:\/\/initiative-waidmannslust.com\/wp-content\/uploads\/2022\/03\/image-851x1024.jpeg\" \/>\n<meta name=\"twitter:card\" content=\"summary_large_image\" \/>\n<meta name=\"twitter:label1\" content=\"Gesch\u00e4tzte Lesezeit\" \/>\n\t<meta name=\"twitter:data1\" content=\"3\u00a0Minuten\" \/>\n<script type=\"application\/ld+json\" class=\"yoast-schema-graph\">{\"@context\":\"https:\\\/\\\/schema.org\",\"@graph\":[{\"@type\":\"WebPage\",\"@id\":\"https:\\\/\\\/initiative-waidmannslust.com\\\/index.php\\\/interview-mit-frau-schlosser\\\/\",\"url\":\"https:\\\/\\\/initiative-waidmannslust.com\\\/index.php\\\/interview-mit-frau-schlosser\\\/\",\"name\":\"Interview mit Frau Schlo\u00dfer - Initiative-Waidmannslust\",\"isPartOf\":{\"@id\":\"https:\\\/\\\/initiative-waidmannslust.com\\\/#website\"},\"primaryImageOfPage\":{\"@id\":\"https:\\\/\\\/initiative-waidmannslust.com\\\/index.php\\\/interview-mit-frau-schlosser\\\/#primaryimage\"},\"image\":{\"@id\":\"https:\\\/\\\/initiative-waidmannslust.com\\\/index.php\\\/interview-mit-frau-schlosser\\\/#primaryimage\"},\"thumbnailUrl\":\"https:\\\/\\\/initiative-waidmannslust.com\\\/wp-content\\\/uploads\\\/2022\\\/03\\\/image-851x1024.jpeg\",\"datePublished\":\"2022-03-01T19:24:20+00:00\",\"dateModified\":\"2022-03-17T19:22:22+00:00\",\"breadcrumb\":{\"@id\":\"https:\\\/\\\/initiative-waidmannslust.com\\\/index.php\\\/interview-mit-frau-schlosser\\\/#breadcrumb\"},\"inLanguage\":\"de\",\"potentialAction\":[{\"@type\":\"ReadAction\",\"target\":[\"https:\\\/\\\/initiative-waidmannslust.com\\\/index.php\\\/interview-mit-frau-schlosser\\\/\"]}]},{\"@type\":\"ImageObject\",\"inLanguage\":\"de\",\"@id\":\"https:\\\/\\\/initiative-waidmannslust.com\\\/index.php\\\/interview-mit-frau-schlosser\\\/#primaryimage\",\"url\":\"https:\\\/\\\/initiative-waidmannslust.com\\\/wp-content\\\/uploads\\\/2022\\\/03\\\/image.jpeg\",\"contentUrl\":\"https:\\\/\\\/initiative-waidmannslust.com\\\/wp-content\\\/uploads\\\/2022\\\/03\\\/image.jpeg\",\"width\":1062,\"height\":1278},{\"@type\":\"BreadcrumbList\",\"@id\":\"https:\\\/\\\/initiative-waidmannslust.com\\\/index.php\\\/interview-mit-frau-schlosser\\\/#breadcrumb\",\"itemListElement\":[{\"@type\":\"ListItem\",\"position\":1,\"name\":\"Startseite\",\"item\":\"https:\\\/\\\/initiative-waidmannslust.com\\\/\"},{\"@type\":\"ListItem\",\"position\":2,\"name\":\"Interview mit Frau Schlo\u00dfer\"}]},{\"@type\":\"WebSite\",\"@id\":\"https:\\\/\\\/initiative-waidmannslust.com\\\/#website\",\"url\":\"https:\\\/\\\/initiative-waidmannslust.com\\\/\",\"name\":\"Initiative-Waidmannslust\",\"description\":\"\",\"publisher\":{\"@id\":\"https:\\\/\\\/initiative-waidmannslust.com\\\/#organization\"},\"potentialAction\":[{\"@type\":\"SearchAction\",\"target\":{\"@type\":\"EntryPoint\",\"urlTemplate\":\"https:\\\/\\\/initiative-waidmannslust.com\\\/?s={search_term_string}\"},\"query-input\":{\"@type\":\"PropertyValueSpecification\",\"valueRequired\":true,\"valueName\":\"search_term_string\"}}],\"inLanguage\":\"de\"},{\"@type\":\"Organization\",\"@id\":\"https:\\\/\\\/initiative-waidmannslust.com\\\/#organization\",\"name\":\"Initiative Waidmannslust\",\"url\":\"https:\\\/\\\/initiative-waidmannslust.com\\\/\",\"logo\":{\"@type\":\"ImageObject\",\"inLanguage\":\"de\",\"@id\":\"https:\\\/\\\/initiative-waidmannslust.com\\\/#\\\/schema\\\/logo\\\/image\\\/\",\"url\":\"https:\\\/\\\/initiative-waidmannslust.com\\\/wp-content\\\/uploads\\\/2020\\\/01\\\/cropped-Logo-3.png\",\"contentUrl\":\"https:\\\/\\\/initiative-waidmannslust.com\\\/wp-content\\\/uploads\\\/2020\\\/01\\\/cropped-Logo-3.png\",\"width\":200,\"height\":52,\"caption\":\"Initiative Waidmannslust\"},\"image\":{\"@id\":\"https:\\\/\\\/initiative-waidmannslust.com\\\/#\\\/schema\\\/logo\\\/image\\\/\"}}]}<\/script>\n<!-- \/ Yoast SEO plugin. -->","yoast_head_json":{"title":"Interview mit Frau Schlo\u00dfer - Initiative-Waidmannslust","robots":{"index":"index","follow":"follow","max-snippet":"max-snippet:-1","max-image-preview":"max-image-preview:large","max-video-preview":"max-video-preview:-1"},"canonical":"https:\/\/initiative-waidmannslust.com\/index.php\/interview-mit-frau-schlosser\/","og_locale":"de_DE","og_type":"article","og_title":"Interview mit Frau Schlo\u00dfer - Initiative-Waidmannslust","og_description":"K\u00f6nnen Sie sich bitte kurz vorstellen?Ich hei\u00dfe Monika Schlo\u00dfer, geborene &hellip;","og_url":"https:\/\/initiative-waidmannslust.com\/index.php\/interview-mit-frau-schlosser\/","og_site_name":"Initiative-Waidmannslust","article_modified_time":"2022-03-17T19:22:22+00:00","og_image":[{"url":"https:\/\/initiative-waidmannslust.com\/wp-content\/uploads\/2022\/03\/image-851x1024.jpeg","type":"","width":"","height":""}],"twitter_card":"summary_large_image","twitter_misc":{"Gesch\u00e4tzte Lesezeit":"3\u00a0Minuten"},"schema":{"@context":"https:\/\/schema.org","@graph":[{"@type":"WebPage","@id":"https:\/\/initiative-waidmannslust.com\/index.php\/interview-mit-frau-schlosser\/","url":"https:\/\/initiative-waidmannslust.com\/index.php\/interview-mit-frau-schlosser\/","name":"Interview mit Frau Schlo\u00dfer - Initiative-Waidmannslust","isPartOf":{"@id":"https:\/\/initiative-waidmannslust.com\/#website"},"primaryImageOfPage":{"@id":"https:\/\/initiative-waidmannslust.com\/index.php\/interview-mit-frau-schlosser\/#primaryimage"},"image":{"@id":"https:\/\/initiative-waidmannslust.com\/index.php\/interview-mit-frau-schlosser\/#primaryimage"},"thumbnailUrl":"https:\/\/initiative-waidmannslust.com\/wp-content\/uploads\/2022\/03\/image-851x1024.jpeg","datePublished":"2022-03-01T19:24:20+00:00","dateModified":"2022-03-17T19:22:22+00:00","breadcrumb":{"@id":"https:\/\/initiative-waidmannslust.com\/index.php\/interview-mit-frau-schlosser\/#breadcrumb"},"inLanguage":"de","potentialAction":[{"@type":"ReadAction","target":["https:\/\/initiative-waidmannslust.com\/index.php\/interview-mit-frau-schlosser\/"]}]},{"@type":"ImageObject","inLanguage":"de","@id":"https:\/\/initiative-waidmannslust.com\/index.php\/interview-mit-frau-schlosser\/#primaryimage","url":"https:\/\/initiative-waidmannslust.com\/wp-content\/uploads\/2022\/03\/image.jpeg","contentUrl":"https:\/\/initiative-waidmannslust.com\/wp-content\/uploads\/2022\/03\/image.jpeg","width":1062,"height":1278},{"@type":"BreadcrumbList","@id":"https:\/\/initiative-waidmannslust.com\/index.php\/interview-mit-frau-schlosser\/#breadcrumb","itemListElement":[{"@type":"ListItem","position":1,"name":"Startseite","item":"https:\/\/initiative-waidmannslust.com\/"},{"@type":"ListItem","position":2,"name":"Interview mit Frau Schlo\u00dfer"}]},{"@type":"WebSite","@id":"https:\/\/initiative-waidmannslust.com\/#website","url":"https:\/\/initiative-waidmannslust.com\/","name":"Initiative-Waidmannslust","description":"","publisher":{"@id":"https:\/\/initiative-waidmannslust.com\/#organization"},"potentialAction":[{"@type":"SearchAction","target":{"@type":"EntryPoint","urlTemplate":"https:\/\/initiative-waidmannslust.com\/?s={search_term_string}"},"query-input":{"@type":"PropertyValueSpecification","valueRequired":true,"valueName":"search_term_string"}}],"inLanguage":"de"},{"@type":"Organization","@id":"https:\/\/initiative-waidmannslust.com\/#organization","name":"Initiative Waidmannslust","url":"https:\/\/initiative-waidmannslust.com\/","logo":{"@type":"ImageObject","inLanguage":"de","@id":"https:\/\/initiative-waidmannslust.com\/#\/schema\/logo\/image\/","url":"https:\/\/initiative-waidmannslust.com\/wp-content\/uploads\/2020\/01\/cropped-Logo-3.png","contentUrl":"https:\/\/initiative-waidmannslust.com\/wp-content\/uploads\/2020\/01\/cropped-Logo-3.png","width":200,"height":52,"caption":"Initiative Waidmannslust"},"image":{"@id":"https:\/\/initiative-waidmannslust.com\/#\/schema\/logo\/image\/"}}]}},"_links":{"self":[{"href":"https:\/\/initiative-waidmannslust.com\/index.php\/wp-json\/wp\/v2\/pages\/959","targetHints":{"allow":["GET"]}}],"collection":[{"href":"https:\/\/initiative-waidmannslust.com\/index.php\/wp-json\/wp\/v2\/pages"}],"about":[{"href":"https:\/\/initiative-waidmannslust.com\/index.php\/wp-json\/wp\/v2\/types\/page"}],"author":[{"embeddable":true,"href":"https:\/\/initiative-waidmannslust.com\/index.php\/wp-json\/wp\/v2\/users\/1"}],"replies":[{"embeddable":true,"href":"https:\/\/initiative-waidmannslust.com\/index.php\/wp-json\/wp\/v2\/comments?post=959"}],"version-history":[{"count":3,"href":"https:\/\/initiative-waidmannslust.com\/index.php\/wp-json\/wp\/v2\/pages\/959\/revisions"}],"predecessor-version":[{"id":977,"href":"https:\/\/initiative-waidmannslust.com\/index.php\/wp-json\/wp\/v2\/pages\/959\/revisions\/977"}],"wp:attachment":[{"href":"https:\/\/initiative-waidmannslust.com\/index.php\/wp-json\/wp\/v2\/media?parent=959"}],"curies":[{"name":"wp","href":"https:\/\/api.w.org\/{rel}","templated":true}]}}