{"id":935,"date":"2022-01-01T19:33:42","date_gmt":"2022-01-01T19:33:42","guid":{"rendered":"https:\/\/initiative-waidmannslust.com\/?page_id=935"},"modified":"2022-01-01T19:40:07","modified_gmt":"2022-01-01T19:40:07","slug":"buchhandlung-leselust","status":"publish","type":"page","link":"https:\/\/initiative-waidmannslust.com\/index.php\/buchhandlung-leselust\/","title":{"rendered":"Interview mit den Inhaberinnen der Buchhandlung Leselust"},"content":{"rendered":"\n<h4 class=\"wp-block-heading\">Frau Robben<\/h4>\n\n\n\n<p><em>Frau Robben ist 53 Jahre alt, hat 2 erwachsene Kinder und ist geb\u00fcrtig aus der Grafstadt<br>Bentheim an der holl\u00e4ndischen Grenze.<br>Frau Robben, wann haben Sie die Buchhandlung Leselust \u00fcbernommen?<\/em><br>Ich habe sie im Januar 2018 \u00fcbernommen.<\/p>\n\n\n\n<p><em>Wie haben Sie die Pandemie erlebt?<\/em><br>&#8211; Uff! , es war nicht unanstrengend, es war aufreibend und zerm\u00fcrbend. Aber dank der<br>Regelung f\u00fcr die Buchhandlungen in Berlin ist diese Zeit glimpflicher als im Rest der<br>Republik gelaufen. Wir wurden auch von unseren Kundinnen und Kunden sehr<br>unterst\u00fctzt. Seit Mitte M\u00e4rz 2020 komme ich mit der Fieste, wie es bei mir zu Hause<br>hei\u00dft- dem Fahrrad zum Laden und es macht mir echt Freude.<\/p>\n\n\n\n<p><em>Was gef\u00e4llt Ihnen an Waidmannslust?<\/em><br>&#8211; Ich finde den Namen klasse, \u201epeople go hunting there\u201c. Ich sch\u00e4tze die N\u00e4he zu<br>L\u00fcbars und zum Tegeler Flie\u00df.<\/p>\n\n\n\n<p><em>Was vermissen Sie in Waidmannslust?<\/em><br>&#8211; Ich vermisse Radwege, die diese Bezeichnung verdienen und w\u00fcnsche mir mehr<br>Fahrradfreundlichkeit. Einen Zeitungskiosk in der N\u00e4he des S-Bahnhofs w\u00e4re prima.<br>(Anmerkung der Initiative: den gab es fr\u00fcher!)<\/p>\n\n\n\n<p><em>Was w\u00fcnschen Sie sich f\u00fcr Waidmannslust?<\/em><br>&#8211; Ich w\u00fcnsche mir eine Verkehrsberuhigung auf dem Waidmannsluster Damm und<br>dass die Baustelle in der Jean Jaur\u00e8s Stra\u00dfe bald beendet werden m\u00f6ge. Die B\u00e4ume<br>sind ja leider nicht wieder herbeizuzaubern!<\/p>\n\n\n\n<hr class=\"wp-block-separator is-style-wide\"\/>\n\n\n\n<h4 class=\"wp-block-heading\"><strong>Frau Liebert<\/strong> <\/h4>\n\n\n\n<p><em>Kurze pers\u00f6nliche Vorstellung&nbsp;<br><\/em>Alexandra Liebert, 46 Jahre. Ich habe nach der Zeit an der Uni mit Kunstgeschichte, mittelalterlicher Geschichte &amp; Italienisch Buchh\u00e4ndlerin gelernt &amp; bin Kunsthandwerkerin &amp; Kauffrau, die 20 Jahre in einer Fachbuchhandlung f\u00fcr Medizin verbracht &amp; dann ihren pers\u00f6nlichen Traum mit der Leselust wahrgemacht hat, um ihre Erf\u00fcllung zu finden &amp; zu leben.&nbsp;<br>&nbsp;&nbsp;<br><em>Seit wann betreiben Sie Ihr Gesch\u00e4ft&nbsp;<br><\/em>01.01.2018&nbsp;<br>&nbsp;&nbsp;<br><em>Wie haben Sie die Pandemie\/ den Lockdown erlebt ?&nbsp;<br><\/em>Ich denke, es war f\u00fcr uns alle eine schwierige Zeit, weil es bedeutete, nicht zu wissen, wie es weitergeht, aber ich bin immer zuversichtlich geblieben und habe mir jeden Morgen gesagt, ich habe alles, was ich brauche und ich werde immer haben, was ich brauche.&nbsp;<br>Im Gegensatz zu vielen anderen, die ihre Gesch\u00e4fte schlie\u00dfen mussten, hatten wir das gro\u00dfe Gl\u00fcck, unsere Leselust f\u00fcr die Menschen weiterhin \u00f6ffnen zu k\u00f6nnen und daf\u00fcr bin ich nach wie vor sehr dankbar. Dadurch waren wir auch ein Ort, der dazu beitragen konnte, etwas Lebendigkeit, Abwechslung und Buntheit ins Zuhausebleibenm\u00fcssen bringen zu k\u00f6nnen. F\u00fcr mich war unser Laden ebenfalls eine &#8222;\u00dcberbr\u00fcckungs-Hilfe&#8220;, da er mir pers\u00f6nlich, trotz Vorgaben, ein St\u00fcck Normalit\u00e4t erhielt und auch weiterhin Kontakte bescherte, die vielen Menschen in dieser Zeit sehr fehlten.&nbsp;<br>Wir haben alle Schwierigkeiten und H\u00fcrden, die die Situation mit sich brachte, wunderbar gemeistert, wie ich finde und ich habe sehr viel gelernt und mitgenommen f\u00fcr die Zukunft.&nbsp;<br>&nbsp;&nbsp;<br>Mein Eindruck ist, dass viele Menschen sich mehr Gedanken dar\u00fcber gemacht haben, wie sie die kleinen Einzelh\u00e4ndler in ihrer Umgebung unterst\u00fctzen k\u00f6nnen. Das finde ich toll und sehr es als einen sehr positiven Aspekt der Pandemie.&nbsp;<br>&nbsp;&nbsp;<br><em>&nbsp;Was gef\u00e4llt Ihnen an Waidmannslust ?&nbsp;<br><\/em>&nbsp;Da ich mittlerweile auch 2 Jahre hier gewohnt habe, habe ich Waidmannslust nat\u00fcrlich nochmal auf eine andere Art kennenlernen k\u00f6nnen. Es hat sich in dieser Zeit immens ver\u00e4ndert, wie ich finde. Es wurde viel gebaut, es sind viele neue Menschen hierher gezogen, das merken wir auch in der Leselust.&nbsp;<br>Was mir besonders aufgefallen ist, seit wir den Laden \u00fcbernommen haben, ist, wie viele h\u00f6fliche und freundliche Kinder und Jugendliche es hier gibt \ud83d\ude42 und das liegt vermutlich daran, dass Waidmannslust doch ein bisschen f\u00fcr sich liegt und die Menschen hier nicht so untergehen wie im Trubel der Innenstadt. Hier wird auch gegr\u00fc\u00dft.&nbsp;<br>&nbsp;&nbsp;<br>Ich liebe das Flie\u00df zu jeder Jahreszeit und das viele Gr\u00fcn hier. Es gibt hier weitaus mehr Ruhe und Stille als in der hektischen Innenstadt &amp; viele kleine Oasen, wenn wir genau hinschauen.&nbsp;<br>&nbsp;&nbsp;<br><em>Was vermissen Sie in Waidmannslust ?&nbsp;<br><\/em>&nbsp;Ich w\u00fcrde mich freuen, wenn es hier ein paar kleine gem\u00fctliche Caf\u00e9s g\u00e4be. Danach werden wir auch oft gefragt und ich verweise dann meist auf Hermsdorf&#8230;&nbsp;<br>&nbsp;&nbsp;<br><em>Was w\u00fcnschen Sie sich f\u00fcr Waidmannslust ?&nbsp;<br><\/em>&nbsp;Ich hoffe f\u00fcr Waidmannslust, dass es sich seine wundervolle Natur erh\u00e4lt, dass die Menschen mehr darauf achten, Ihren M\u00fcll nicht einfach irgendwohin zu werfen, sondern da wo er hingeh\u00f6rt, immer mehr auf ihre ganz nahe Umwelt zu achten, ein \u00e4sthetisches Gef\u00fchl daf\u00fcr zu entwickeln, was eine sch\u00f6ne Umgebung ist und diese zu erhalten und zu pflegen, so, wie viele es schon vormachen.&nbsp;<br>&nbsp;&nbsp;<br>Ich w\u00fcnsche Waidmannslust einen ruhigen Waidmannsluster Damm, auf dem Radfahrer, Kraftfahrer &amp; Fu\u00dfg\u00e4nger friedlich nebeneinander leben k\u00f6nnen, ohne Angst um ihr Leben haben zu m\u00fcssen.&nbsp;<br>&nbsp;&nbsp;<br>Ich hoffe au\u00dferdem, dass hier so viele Unternehmen, vor allem aber Menschen, wie m\u00f6glich, diese Krise unbeschadet \u00fcberstehen und wir alle bald wieder einen f\u00fcr uns passenden Lebenswandel pflegen k\u00f6nnen, was auch immer das f\u00fcr den Einzelnen bedeuten mag.&nbsp;<br>&nbsp;&nbsp;<br><em>M\u00f6chten Sie noch etwas hinzuf\u00fcgen ?&nbsp;<br><\/em>&nbsp;Ich m\u00f6chte diese Gelegenheit nutzen, mich bei unseren Kunden zu bedanken, die sich in dieser Zeit oft gesorgt haben, um unsere Existenz und uns manchmal sogar auch versorgt haben mit selbstgemachter Marmelade, Keksen und liebevollen Ermunterungen, aber \u00fcberhaupt auch f\u00fcr Ihre Treue der Leselust gegen\u00fcber. Sie sind super ! Danke !<\/p>\n\n\n\n<p>Vielen Dank f\u00fcr das Interview.<\/p>\n","protected":false},"excerpt":{"rendered":"<p>Frau Robben Frau Robben ist 53 Jahre alt, hat 2 &hellip; <\/p>\n","protected":false},"author":1,"featured_media":0,"parent":0,"menu_order":0,"comment_status":"closed","ping_status":"closed","template":"","meta":{"_bbp_topic_count":0,"_bbp_reply_count":0,"_bbp_total_topic_count":0,"_bbp_total_reply_count":0,"_bbp_voice_count":0,"_bbp_anonymous_reply_count":0,"_bbp_topic_count_hidden":0,"_bbp_reply_count_hidden":0,"_bbp_forum_subforum_count":0,"footnotes":""},"class_list":["post-935","page","type-page","status-publish","hentry"],"yoast_head":"<!-- This site is optimized with the Yoast SEO plugin v27.4 - https:\/\/yoast.com\/product\/yoast-seo-wordpress\/ -->\n<title>Interview mit den Inhaberinnen der Buchhandlung Leselust - Initiative-Waidmannslust<\/title>\n<meta name=\"robots\" content=\"index, follow, max-snippet:-1, max-image-preview:large, max-video-preview:-1\" \/>\n<link rel=\"canonical\" href=\"https:\/\/initiative-waidmannslust.com\/index.php\/buchhandlung-leselust\/\" \/>\n<meta property=\"og:locale\" content=\"de_DE\" \/>\n<meta property=\"og:type\" content=\"article\" \/>\n<meta property=\"og:title\" content=\"Interview mit den Inhaberinnen der Buchhandlung Leselust - Initiative-Waidmannslust\" \/>\n<meta property=\"og:description\" content=\"Frau Robben Frau Robben ist 53 Jahre alt, hat 2 &hellip;\" \/>\n<meta property=\"og:url\" content=\"https:\/\/initiative-waidmannslust.com\/index.php\/buchhandlung-leselust\/\" \/>\n<meta property=\"og:site_name\" content=\"Initiative-Waidmannslust\" \/>\n<meta property=\"article:modified_time\" content=\"2022-01-01T19:40:07+00:00\" \/>\n<meta name=\"twitter:card\" content=\"summary_large_image\" \/>\n<meta name=\"twitter:label1\" content=\"Gesch\u00e4tzte Lesezeit\" \/>\n\t<meta name=\"twitter:data1\" content=\"5\u00a0Minuten\" \/>\n<script type=\"application\/ld+json\" class=\"yoast-schema-graph\">{\"@context\":\"https:\\\/\\\/schema.org\",\"@graph\":[{\"@type\":\"WebPage\",\"@id\":\"https:\\\/\\\/initiative-waidmannslust.com\\\/index.php\\\/buchhandlung-leselust\\\/\",\"url\":\"https:\\\/\\\/initiative-waidmannslust.com\\\/index.php\\\/buchhandlung-leselust\\\/\",\"name\":\"Interview mit den Inhaberinnen der Buchhandlung Leselust - Initiative-Waidmannslust\",\"isPartOf\":{\"@id\":\"https:\\\/\\\/initiative-waidmannslust.com\\\/#website\"},\"datePublished\":\"2022-01-01T19:33:42+00:00\",\"dateModified\":\"2022-01-01T19:40:07+00:00\",\"breadcrumb\":{\"@id\":\"https:\\\/\\\/initiative-waidmannslust.com\\\/index.php\\\/buchhandlung-leselust\\\/#breadcrumb\"},\"inLanguage\":\"de\",\"potentialAction\":[{\"@type\":\"ReadAction\",\"target\":[\"https:\\\/\\\/initiative-waidmannslust.com\\\/index.php\\\/buchhandlung-leselust\\\/\"]}]},{\"@type\":\"BreadcrumbList\",\"@id\":\"https:\\\/\\\/initiative-waidmannslust.com\\\/index.php\\\/buchhandlung-leselust\\\/#breadcrumb\",\"itemListElement\":[{\"@type\":\"ListItem\",\"position\":1,\"name\":\"Startseite\",\"item\":\"https:\\\/\\\/initiative-waidmannslust.com\\\/\"},{\"@type\":\"ListItem\",\"position\":2,\"name\":\"Interview mit den Inhaberinnen der Buchhandlung Leselust\"}]},{\"@type\":\"WebSite\",\"@id\":\"https:\\\/\\\/initiative-waidmannslust.com\\\/#website\",\"url\":\"https:\\\/\\\/initiative-waidmannslust.com\\\/\",\"name\":\"Initiative-Waidmannslust\",\"description\":\"\",\"publisher\":{\"@id\":\"https:\\\/\\\/initiative-waidmannslust.com\\\/#organization\"},\"potentialAction\":[{\"@type\":\"SearchAction\",\"target\":{\"@type\":\"EntryPoint\",\"urlTemplate\":\"https:\\\/\\\/initiative-waidmannslust.com\\\/?s={search_term_string}\"},\"query-input\":{\"@type\":\"PropertyValueSpecification\",\"valueRequired\":true,\"valueName\":\"search_term_string\"}}],\"inLanguage\":\"de\"},{\"@type\":\"Organization\",\"@id\":\"https:\\\/\\\/initiative-waidmannslust.com\\\/#organization\",\"name\":\"Initiative Waidmannslust\",\"url\":\"https:\\\/\\\/initiative-waidmannslust.com\\\/\",\"logo\":{\"@type\":\"ImageObject\",\"inLanguage\":\"de\",\"@id\":\"https:\\\/\\\/initiative-waidmannslust.com\\\/#\\\/schema\\\/logo\\\/image\\\/\",\"url\":\"https:\\\/\\\/initiative-waidmannslust.com\\\/wp-content\\\/uploads\\\/2020\\\/01\\\/cropped-Logo-3.png\",\"contentUrl\":\"https:\\\/\\\/initiative-waidmannslust.com\\\/wp-content\\\/uploads\\\/2020\\\/01\\\/cropped-Logo-3.png\",\"width\":200,\"height\":52,\"caption\":\"Initiative Waidmannslust\"},\"image\":{\"@id\":\"https:\\\/\\\/initiative-waidmannslust.com\\\/#\\\/schema\\\/logo\\\/image\\\/\"}}]}<\/script>\n<!-- \/ Yoast SEO plugin. -->","yoast_head_json":{"title":"Interview mit den Inhaberinnen der Buchhandlung Leselust - Initiative-Waidmannslust","robots":{"index":"index","follow":"follow","max-snippet":"max-snippet:-1","max-image-preview":"max-image-preview:large","max-video-preview":"max-video-preview:-1"},"canonical":"https:\/\/initiative-waidmannslust.com\/index.php\/buchhandlung-leselust\/","og_locale":"de_DE","og_type":"article","og_title":"Interview mit den Inhaberinnen der Buchhandlung Leselust - Initiative-Waidmannslust","og_description":"Frau Robben Frau Robben ist 53 Jahre alt, hat 2 &hellip;","og_url":"https:\/\/initiative-waidmannslust.com\/index.php\/buchhandlung-leselust\/","og_site_name":"Initiative-Waidmannslust","article_modified_time":"2022-01-01T19:40:07+00:00","twitter_card":"summary_large_image","twitter_misc":{"Gesch\u00e4tzte Lesezeit":"5\u00a0Minuten"},"schema":{"@context":"https:\/\/schema.org","@graph":[{"@type":"WebPage","@id":"https:\/\/initiative-waidmannslust.com\/index.php\/buchhandlung-leselust\/","url":"https:\/\/initiative-waidmannslust.com\/index.php\/buchhandlung-leselust\/","name":"Interview mit den Inhaberinnen der Buchhandlung Leselust - Initiative-Waidmannslust","isPartOf":{"@id":"https:\/\/initiative-waidmannslust.com\/#website"},"datePublished":"2022-01-01T19:33:42+00:00","dateModified":"2022-01-01T19:40:07+00:00","breadcrumb":{"@id":"https:\/\/initiative-waidmannslust.com\/index.php\/buchhandlung-leselust\/#breadcrumb"},"inLanguage":"de","potentialAction":[{"@type":"ReadAction","target":["https:\/\/initiative-waidmannslust.com\/index.php\/buchhandlung-leselust\/"]}]},{"@type":"BreadcrumbList","@id":"https:\/\/initiative-waidmannslust.com\/index.php\/buchhandlung-leselust\/#breadcrumb","itemListElement":[{"@type":"ListItem","position":1,"name":"Startseite","item":"https:\/\/initiative-waidmannslust.com\/"},{"@type":"ListItem","position":2,"name":"Interview mit den Inhaberinnen der Buchhandlung Leselust"}]},{"@type":"WebSite","@id":"https:\/\/initiative-waidmannslust.com\/#website","url":"https:\/\/initiative-waidmannslust.com\/","name":"Initiative-Waidmannslust","description":"","publisher":{"@id":"https:\/\/initiative-waidmannslust.com\/#organization"},"potentialAction":[{"@type":"SearchAction","target":{"@type":"EntryPoint","urlTemplate":"https:\/\/initiative-waidmannslust.com\/?s={search_term_string}"},"query-input":{"@type":"PropertyValueSpecification","valueRequired":true,"valueName":"search_term_string"}}],"inLanguage":"de"},{"@type":"Organization","@id":"https:\/\/initiative-waidmannslust.com\/#organization","name":"Initiative Waidmannslust","url":"https:\/\/initiative-waidmannslust.com\/","logo":{"@type":"ImageObject","inLanguage":"de","@id":"https:\/\/initiative-waidmannslust.com\/#\/schema\/logo\/image\/","url":"https:\/\/initiative-waidmannslust.com\/wp-content\/uploads\/2020\/01\/cropped-Logo-3.png","contentUrl":"https:\/\/initiative-waidmannslust.com\/wp-content\/uploads\/2020\/01\/cropped-Logo-3.png","width":200,"height":52,"caption":"Initiative Waidmannslust"},"image":{"@id":"https:\/\/initiative-waidmannslust.com\/#\/schema\/logo\/image\/"}}]}},"_links":{"self":[{"href":"https:\/\/initiative-waidmannslust.com\/index.php\/wp-json\/wp\/v2\/pages\/935","targetHints":{"allow":["GET"]}}],"collection":[{"href":"https:\/\/initiative-waidmannslust.com\/index.php\/wp-json\/wp\/v2\/pages"}],"about":[{"href":"https:\/\/initiative-waidmannslust.com\/index.php\/wp-json\/wp\/v2\/types\/page"}],"author":[{"embeddable":true,"href":"https:\/\/initiative-waidmannslust.com\/index.php\/wp-json\/wp\/v2\/users\/1"}],"replies":[{"embeddable":true,"href":"https:\/\/initiative-waidmannslust.com\/index.php\/wp-json\/wp\/v2\/comments?post=935"}],"version-history":[{"count":3,"href":"https:\/\/initiative-waidmannslust.com\/index.php\/wp-json\/wp\/v2\/pages\/935\/revisions"}],"predecessor-version":[{"id":940,"href":"https:\/\/initiative-waidmannslust.com\/index.php\/wp-json\/wp\/v2\/pages\/935\/revisions\/940"}],"wp:attachment":[{"href":"https:\/\/initiative-waidmannslust.com\/index.php\/wp-json\/wp\/v2\/media?parent=935"}],"curies":[{"name":"wp","href":"https:\/\/api.w.org\/{rel}","templated":true}]}}