{"id":926,"date":"2021-12-20T19:38:39","date_gmt":"2021-12-20T19:38:39","guid":{"rendered":"https:\/\/initiative-waidmannslust.com\/?page_id=926"},"modified":"2021-12-20T19:40:00","modified_gmt":"2021-12-20T19:40:00","slug":"interview-bukovec","status":"publish","type":"page","link":"https:\/\/initiative-waidmannslust.com\/index.php\/interview-bukovec\/","title":{"rendered":"Interview mit Frau Bukovec"},"content":{"rendered":"\n<figure class=\"wp-block-image size-large is-resized is-style-default\"><img loading=\"lazy\" decoding=\"async\" src=\"https:\/\/initiative-waidmannslust.com\/wp-content\/uploads\/2021\/12\/Frau_Bukovec-683x1024.jpg\" alt=\"\" class=\"wp-image-927\" width=\"165\" height=\"247\" srcset=\"https:\/\/initiative-waidmannslust.com\/wp-content\/uploads\/2021\/12\/Frau_Bukovec-683x1024.jpg 683w, https:\/\/initiative-waidmannslust.com\/wp-content\/uploads\/2021\/12\/Frau_Bukovec-200x300.jpg 200w, https:\/\/initiative-waidmannslust.com\/wp-content\/uploads\/2021\/12\/Frau_Bukovec-768x1151.jpg 768w, https:\/\/initiative-waidmannslust.com\/wp-content\/uploads\/2021\/12\/Frau_Bukovec-1025x1536.jpg 1025w, https:\/\/initiative-waidmannslust.com\/wp-content\/uploads\/2021\/12\/Frau_Bukovec.jpg 1334w\" sizes=\"auto, (max-width: 165px) 100vw, 165px\" \/><\/figure>\n\n\n\n<p><em>Frau Bukovec, Sie sind die \u201cj\u00fcngste\u201d Unternehmerin von Waidmannslust. Wann haben Sie Ihre<br>Gesch\u00e4ftsr\u00e4ume hier am Waidmannsluster Damm er\u00f6ffnet?<\/em><br>Am 1. August 2021.<\/p>\n\n\n\n<p><em>Und wo hatten Sie zuvor Ihr B\u00fcro?<\/em><br>In Wittenau, in der Schorfheidestra\u00dfe.<\/p>\n\n\n\n<p><em>M\u00f6chten Sie sich uns einmal kurz vorstellen?<\/em><br>Ja, gerne. Ich bin geb\u00fcrtige Kroatin und lebe seit 1973 in Berlin, zun\u00e4chst im Wedding, seit 1993 in<br>Reinickendorf. Ich bin verheiratet und habe zwei erwachsene S\u00f6hne. Der \u00e4ltere von beiden hat sein<br>Abitur auf der Humboldt-Schule gemacht und der j\u00fcngere besuchte die Salvator-Schule in<br>Waidmannslust. Da ich ihn h\u00e4ufig zur Schule fuhr \u2013 auch bekannt als \u201eElterntaxi\u201c \u2013 war ich oft in<br>Waidmannslust und bewunderte schon damals die sch\u00f6ne Umgebung.<br>Seit 2010 bin ich als freiberufliche Immobilienmaklerin t\u00e4tig. Ich bin Mitglied im IVD. Das ist ein<br>Verband, der einen hohen Qualit\u00e4tsanspruch an seine Mitglieder stellt; daher nehme ich regelm\u00e4\u00dfig an<br>Seminaren und Fortbildungen teil, um auf die st\u00e4ndigen Ver\u00e4nderungen des Immobilienmarkts<br>reagieren zu k\u00f6nnen.<\/p>\n\n\n\n<p><em>Welche Dienstleistungen kann ich von Ihnen als \u201cDieMaklerin.berlin\u201d erhalten?<\/em><br>Wenn Sie ein Haus, eine Eigentumswohnung oder eine Gewerbeimmobilie verkaufen oder vermieten<br>m\u00f6chten, ermittle ich den realistischen Marktpreis, stelle die erforderlichen Verkaufsunterlagen<br>zusammen, fertige ein aussagekr\u00e4ftiges Expos\u00e9 an und f\u00fchre die Werbung f\u00fcr Ihre Immobilie \u2013 das<br>geschieht heute in der Regel \u00fcber Onlineportale \u2013 durch. In der angespannten Angebotslage l\u00f6st jede<br>Werbung eine wahre Flut von Anfragen aus. Damit Sie von den vielen leider h\u00e4ufig unn\u00fctzen<br>Nachfragen verschont bleiben, filtere ich die f\u00fcr Ihre Immobilie in Frage kommenden Interessenten<br>heraus, pr\u00fcfe deren Bonit\u00e4t und pr\u00e4sentiere in enger Abstimmung mit Ihnen als Verk\u00e4ufer oder<br>Vermieter Ihre Immobilie. Ich bereite dann, wenn wir gemeinsam den passenden K\u00e4ufer bzw. Mieter<br>gefunden haben, den Kauf- bzw. Mietvertrag vor und bleibe bis zum Notartermin und zur<br>Schl\u00fcssel\u00fcbergabe Ihre Ansprechpartnerin.<\/p>\n\n\n\n<p><em>Und worin besteht Ihr USP (Anmerkung der Redaktion: Unique Selling Proposition = herausragendes<br>Leistungsmerkmal)?<\/em>                                                                                                                                                                                                O, das ist f\u00fcr mich schwer zu beantworten, in Sachen Eigenwerbung bin ich nicht so gut. Ich w\u00fcrde<br>sagen: Die pers\u00f6nliche Betreuung. Wichtig ist mir, dass Verk\u00e4ufer und K\u00e4ufer bzw. Vermieter und<br>Mieter gleicherma\u00dfen zufrieden gestellt werden. Und die vielen positive Bewertungen geben mir da recht.<\/p>\n\n\n\n<p><em>Was verbindet Sie mit Waidmannslust? Was hat Sie bewogen, gerade hierher Ihr B\u00fcro zu verlegen?<\/em><br>Ich mag den Menschenschlag. Hier ist die Kirche noch im Dorf; andere Ortsteile sind mir zu<br>abgehoben, wenn ich das mal so sagen darf. Kurzum: Hier f\u00fchle ich mich zu Hause. Und noch etwas:<br>Der Immobilienmarkt Waidmannslust hat ein nicht zu untersch\u00e4tzendes Potential.<\/p>\n\n\n\n<p><em>Was genau meinen Sie damit?<\/em><br>Hier leben viele \u00e4ltere Mitb\u00fcrger, die sich auf kurz oder lang r\u00e4umlich ver\u00e4ndern wollen: Das eigene<br>Haus wird ihnen zu gro\u00df, zu beschwerlich. Sie wollen oder m\u00fcssen sich verkleinern. Und auf der<br>anderen Seite suchen vor allem junge Familien Wohnraum in Waidmannslust. Diesen beiden Gruppen<br>m\u00f6chte ich gerne behilflich sein.<\/p>\n\n\n\n<p><em>Was gef\u00e4llt Ihnen pers\u00f6nlich an unserem Ortsteil besonders?<\/em><br>Das ist die spannende Mischung aus wundersch\u00f6nen alten Villen, gro\u00dfz\u00fcgigen Einfamilienh\u00e4usern<br>und gr\u00f6\u00dferen Mehrfamilienh\u00e4usern, das viele Gr\u00fcn \u2013 ich jogge regelm\u00e4\u00dfig durchs Flie\u00dftal \u2013 und<br>nat\u00fcrlich die wirklich verkehrsg\u00fcnstige Lage. Das \u00fcberrascht auch regelm\u00e4\u00dfig die Kauf- oder<br>Mietinteressenten, die Berlin nicht so gut kennen.<\/p>\n\n\n\n<p><em>Eine letzte Frage: Was sollte sich hier Ihrer Meinung nach kurz- und langfristig ver\u00e4ndern?<\/em><br>Ganz klar: Tempo runter auf dem Waidmannsluster Damm! Mehr Sicherheit beim \u00dcberqueren des<br>Damms, ganz besonders f\u00fcr die Kinder hier. Ein besseres Warenangebot am Waidmannsluster Damm<br>w\u00e4re nat\u00fcrlich auch w\u00fcnschenswert gerade f\u00fcr die vielen neu nach Waidmannslust oder in die Cit\u00e9<br>Foch Hinzuziehenden.<\/p>\n\n\n\n<p><br>Vielen Dank f\u00fcr das Interview!<br>Das Interview f\u00fchrte Wolfgang Nieschalk<\/p>\n","protected":false},"excerpt":{"rendered":"<p>Frau Bukovec, Sie sind die \u201cj\u00fcngste\u201d Unternehmerin von Waidmannslust. Wann &hellip; <\/p>\n","protected":false},"author":1,"featured_media":0,"parent":0,"menu_order":0,"comment_status":"closed","ping_status":"closed","template":"","meta":{"_bbp_topic_count":0,"_bbp_reply_count":0,"_bbp_total_topic_count":0,"_bbp_total_reply_count":0,"_bbp_voice_count":0,"_bbp_anonymous_reply_count":0,"_bbp_topic_count_hidden":0,"_bbp_reply_count_hidden":0,"_bbp_forum_subforum_count":0,"footnotes":""},"class_list":["post-926","page","type-page","status-publish","hentry"],"yoast_head":"<!-- This site is optimized with the Yoast SEO plugin v27.4 - https:\/\/yoast.com\/product\/yoast-seo-wordpress\/ -->\n<title>Interview mit Frau Bukovec - Initiative-Waidmannslust<\/title>\n<meta name=\"robots\" content=\"index, follow, max-snippet:-1, max-image-preview:large, max-video-preview:-1\" \/>\n<link rel=\"canonical\" href=\"https:\/\/initiative-waidmannslust.com\/index.php\/interview-bukovec\/\" \/>\n<meta property=\"og:locale\" content=\"de_DE\" \/>\n<meta property=\"og:type\" content=\"article\" \/>\n<meta property=\"og:title\" content=\"Interview mit Frau Bukovec - Initiative-Waidmannslust\" \/>\n<meta property=\"og:description\" content=\"Frau Bukovec, Sie sind die \u201cj\u00fcngste\u201d Unternehmerin von Waidmannslust. Wann &hellip;\" \/>\n<meta property=\"og:url\" content=\"https:\/\/initiative-waidmannslust.com\/index.php\/interview-bukovec\/\" \/>\n<meta property=\"og:site_name\" content=\"Initiative-Waidmannslust\" \/>\n<meta property=\"article:modified_time\" content=\"2021-12-20T19:40:00+00:00\" \/>\n<meta property=\"og:image\" content=\"https:\/\/initiative-waidmannslust.com\/wp-content\/uploads\/2021\/12\/Frau_Bukovec-683x1024.jpg\" \/>\n<meta name=\"twitter:card\" content=\"summary_large_image\" \/>\n<meta name=\"twitter:label1\" content=\"Gesch\u00e4tzte Lesezeit\" \/>\n\t<meta name=\"twitter:data1\" content=\"4\u00a0Minuten\" \/>\n<script type=\"application\/ld+json\" class=\"yoast-schema-graph\">{\"@context\":\"https:\\\/\\\/schema.org\",\"@graph\":[{\"@type\":\"WebPage\",\"@id\":\"https:\\\/\\\/initiative-waidmannslust.com\\\/index.php\\\/interview-bukovec\\\/\",\"url\":\"https:\\\/\\\/initiative-waidmannslust.com\\\/index.php\\\/interview-bukovec\\\/\",\"name\":\"Interview mit Frau Bukovec - Initiative-Waidmannslust\",\"isPartOf\":{\"@id\":\"https:\\\/\\\/initiative-waidmannslust.com\\\/#website\"},\"primaryImageOfPage\":{\"@id\":\"https:\\\/\\\/initiative-waidmannslust.com\\\/index.php\\\/interview-bukovec\\\/#primaryimage\"},\"image\":{\"@id\":\"https:\\\/\\\/initiative-waidmannslust.com\\\/index.php\\\/interview-bukovec\\\/#primaryimage\"},\"thumbnailUrl\":\"https:\\\/\\\/initiative-waidmannslust.com\\\/wp-content\\\/uploads\\\/2021\\\/12\\\/Frau_Bukovec-683x1024.jpg\",\"datePublished\":\"2021-12-20T19:38:39+00:00\",\"dateModified\":\"2021-12-20T19:40:00+00:00\",\"breadcrumb\":{\"@id\":\"https:\\\/\\\/initiative-waidmannslust.com\\\/index.php\\\/interview-bukovec\\\/#breadcrumb\"},\"inLanguage\":\"de\",\"potentialAction\":[{\"@type\":\"ReadAction\",\"target\":[\"https:\\\/\\\/initiative-waidmannslust.com\\\/index.php\\\/interview-bukovec\\\/\"]}]},{\"@type\":\"ImageObject\",\"inLanguage\":\"de\",\"@id\":\"https:\\\/\\\/initiative-waidmannslust.com\\\/index.php\\\/interview-bukovec\\\/#primaryimage\",\"url\":\"https:\\\/\\\/initiative-waidmannslust.com\\\/wp-content\\\/uploads\\\/2021\\\/12\\\/Frau_Bukovec.jpg\",\"contentUrl\":\"https:\\\/\\\/initiative-waidmannslust.com\\\/wp-content\\\/uploads\\\/2021\\\/12\\\/Frau_Bukovec.jpg\",\"width\":1334,\"height\":2000,\"caption\":\"Frau Bukovec\"},{\"@type\":\"BreadcrumbList\",\"@id\":\"https:\\\/\\\/initiative-waidmannslust.com\\\/index.php\\\/interview-bukovec\\\/#breadcrumb\",\"itemListElement\":[{\"@type\":\"ListItem\",\"position\":1,\"name\":\"Startseite\",\"item\":\"https:\\\/\\\/initiative-waidmannslust.com\\\/\"},{\"@type\":\"ListItem\",\"position\":2,\"name\":\"Interview mit Frau Bukovec\"}]},{\"@type\":\"WebSite\",\"@id\":\"https:\\\/\\\/initiative-waidmannslust.com\\\/#website\",\"url\":\"https:\\\/\\\/initiative-waidmannslust.com\\\/\",\"name\":\"Initiative-Waidmannslust\",\"description\":\"\",\"publisher\":{\"@id\":\"https:\\\/\\\/initiative-waidmannslust.com\\\/#organization\"},\"potentialAction\":[{\"@type\":\"SearchAction\",\"target\":{\"@type\":\"EntryPoint\",\"urlTemplate\":\"https:\\\/\\\/initiative-waidmannslust.com\\\/?s={search_term_string}\"},\"query-input\":{\"@type\":\"PropertyValueSpecification\",\"valueRequired\":true,\"valueName\":\"search_term_string\"}}],\"inLanguage\":\"de\"},{\"@type\":\"Organization\",\"@id\":\"https:\\\/\\\/initiative-waidmannslust.com\\\/#organization\",\"name\":\"Initiative Waidmannslust\",\"url\":\"https:\\\/\\\/initiative-waidmannslust.com\\\/\",\"logo\":{\"@type\":\"ImageObject\",\"inLanguage\":\"de\",\"@id\":\"https:\\\/\\\/initiative-waidmannslust.com\\\/#\\\/schema\\\/logo\\\/image\\\/\",\"url\":\"https:\\\/\\\/initiative-waidmannslust.com\\\/wp-content\\\/uploads\\\/2020\\\/01\\\/cropped-Logo-3.png\",\"contentUrl\":\"https:\\\/\\\/initiative-waidmannslust.com\\\/wp-content\\\/uploads\\\/2020\\\/01\\\/cropped-Logo-3.png\",\"width\":200,\"height\":52,\"caption\":\"Initiative Waidmannslust\"},\"image\":{\"@id\":\"https:\\\/\\\/initiative-waidmannslust.com\\\/#\\\/schema\\\/logo\\\/image\\\/\"}}]}<\/script>\n<!-- \/ Yoast SEO plugin. -->","yoast_head_json":{"title":"Interview mit Frau Bukovec - Initiative-Waidmannslust","robots":{"index":"index","follow":"follow","max-snippet":"max-snippet:-1","max-image-preview":"max-image-preview:large","max-video-preview":"max-video-preview:-1"},"canonical":"https:\/\/initiative-waidmannslust.com\/index.php\/interview-bukovec\/","og_locale":"de_DE","og_type":"article","og_title":"Interview mit Frau Bukovec - Initiative-Waidmannslust","og_description":"Frau Bukovec, Sie sind die \u201cj\u00fcngste\u201d Unternehmerin von Waidmannslust. Wann &hellip;","og_url":"https:\/\/initiative-waidmannslust.com\/index.php\/interview-bukovec\/","og_site_name":"Initiative-Waidmannslust","article_modified_time":"2021-12-20T19:40:00+00:00","og_image":[{"url":"https:\/\/initiative-waidmannslust.com\/wp-content\/uploads\/2021\/12\/Frau_Bukovec-683x1024.jpg","type":"","width":"","height":""}],"twitter_card":"summary_large_image","twitter_misc":{"Gesch\u00e4tzte Lesezeit":"4\u00a0Minuten"},"schema":{"@context":"https:\/\/schema.org","@graph":[{"@type":"WebPage","@id":"https:\/\/initiative-waidmannslust.com\/index.php\/interview-bukovec\/","url":"https:\/\/initiative-waidmannslust.com\/index.php\/interview-bukovec\/","name":"Interview mit Frau Bukovec - Initiative-Waidmannslust","isPartOf":{"@id":"https:\/\/initiative-waidmannslust.com\/#website"},"primaryImageOfPage":{"@id":"https:\/\/initiative-waidmannslust.com\/index.php\/interview-bukovec\/#primaryimage"},"image":{"@id":"https:\/\/initiative-waidmannslust.com\/index.php\/interview-bukovec\/#primaryimage"},"thumbnailUrl":"https:\/\/initiative-waidmannslust.com\/wp-content\/uploads\/2021\/12\/Frau_Bukovec-683x1024.jpg","datePublished":"2021-12-20T19:38:39+00:00","dateModified":"2021-12-20T19:40:00+00:00","breadcrumb":{"@id":"https:\/\/initiative-waidmannslust.com\/index.php\/interview-bukovec\/#breadcrumb"},"inLanguage":"de","potentialAction":[{"@type":"ReadAction","target":["https:\/\/initiative-waidmannslust.com\/index.php\/interview-bukovec\/"]}]},{"@type":"ImageObject","inLanguage":"de","@id":"https:\/\/initiative-waidmannslust.com\/index.php\/interview-bukovec\/#primaryimage","url":"https:\/\/initiative-waidmannslust.com\/wp-content\/uploads\/2021\/12\/Frau_Bukovec.jpg","contentUrl":"https:\/\/initiative-waidmannslust.com\/wp-content\/uploads\/2021\/12\/Frau_Bukovec.jpg","width":1334,"height":2000,"caption":"Frau Bukovec"},{"@type":"BreadcrumbList","@id":"https:\/\/initiative-waidmannslust.com\/index.php\/interview-bukovec\/#breadcrumb","itemListElement":[{"@type":"ListItem","position":1,"name":"Startseite","item":"https:\/\/initiative-waidmannslust.com\/"},{"@type":"ListItem","position":2,"name":"Interview mit Frau Bukovec"}]},{"@type":"WebSite","@id":"https:\/\/initiative-waidmannslust.com\/#website","url":"https:\/\/initiative-waidmannslust.com\/","name":"Initiative-Waidmannslust","description":"","publisher":{"@id":"https:\/\/initiative-waidmannslust.com\/#organization"},"potentialAction":[{"@type":"SearchAction","target":{"@type":"EntryPoint","urlTemplate":"https:\/\/initiative-waidmannslust.com\/?s={search_term_string}"},"query-input":{"@type":"PropertyValueSpecification","valueRequired":true,"valueName":"search_term_string"}}],"inLanguage":"de"},{"@type":"Organization","@id":"https:\/\/initiative-waidmannslust.com\/#organization","name":"Initiative Waidmannslust","url":"https:\/\/initiative-waidmannslust.com\/","logo":{"@type":"ImageObject","inLanguage":"de","@id":"https:\/\/initiative-waidmannslust.com\/#\/schema\/logo\/image\/","url":"https:\/\/initiative-waidmannslust.com\/wp-content\/uploads\/2020\/01\/cropped-Logo-3.png","contentUrl":"https:\/\/initiative-waidmannslust.com\/wp-content\/uploads\/2020\/01\/cropped-Logo-3.png","width":200,"height":52,"caption":"Initiative Waidmannslust"},"image":{"@id":"https:\/\/initiative-waidmannslust.com\/#\/schema\/logo\/image\/"}}]}},"_links":{"self":[{"href":"https:\/\/initiative-waidmannslust.com\/index.php\/wp-json\/wp\/v2\/pages\/926","targetHints":{"allow":["GET"]}}],"collection":[{"href":"https:\/\/initiative-waidmannslust.com\/index.php\/wp-json\/wp\/v2\/pages"}],"about":[{"href":"https:\/\/initiative-waidmannslust.com\/index.php\/wp-json\/wp\/v2\/types\/page"}],"author":[{"embeddable":true,"href":"https:\/\/initiative-waidmannslust.com\/index.php\/wp-json\/wp\/v2\/users\/1"}],"replies":[{"embeddable":true,"href":"https:\/\/initiative-waidmannslust.com\/index.php\/wp-json\/wp\/v2\/comments?post=926"}],"version-history":[{"count":2,"href":"https:\/\/initiative-waidmannslust.com\/index.php\/wp-json\/wp\/v2\/pages\/926\/revisions"}],"predecessor-version":[{"id":929,"href":"https:\/\/initiative-waidmannslust.com\/index.php\/wp-json\/wp\/v2\/pages\/926\/revisions\/929"}],"wp:attachment":[{"href":"https:\/\/initiative-waidmannslust.com\/index.php\/wp-json\/wp\/v2\/media?parent=926"}],"curies":[{"name":"wp","href":"https:\/\/api.w.org\/{rel}","templated":true}]}}