{"id":916,"date":"2021-11-01T15:36:59","date_gmt":"2021-11-01T15:36:59","guid":{"rendered":"https:\/\/initiative-waidmannslust.com\/?page_id=916"},"modified":"2021-11-01T15:47:32","modified_gmt":"2021-11-01T15:47:32","slug":"joerg-landt","status":"publish","type":"page","link":"https:\/\/initiative-waidmannslust.com\/index.php\/joerg-landt\/","title":{"rendered":"Interview mit J\u00f6rg Landt, 1. Vorsitzender des Turnvereins Waidmannslust"},"content":{"rendered":"\n<figure class=\"wp-block-image size-full is-resized is-style-default\"><img loading=\"lazy\" decoding=\"async\" src=\"https:\/\/initiative-waidmannslust.com\/wp-content\/uploads\/2021\/11\/Landt.jpg\" alt=\"\" class=\"wp-image-917\" width=\"150\" height=\"195\" srcset=\"https:\/\/initiative-waidmannslust.com\/wp-content\/uploads\/2021\/11\/Landt.jpg 492w, https:\/\/initiative-waidmannslust.com\/wp-content\/uploads\/2021\/11\/Landt-231x300.jpg 231w\" sizes=\"auto, (max-width: 150px) 100vw, 150px\" \/><\/figure>\n\n\n\n<p>Da wir uns seit nahezu 35 Jahren kennen und auch beide im Turnverein Waidmannslust Verantwortung tragen, darf ich f\u00fcr dies Interview sicher beim vertrauten \u201eDu\u201c bleiben.<\/p>\n\n\n\n<p><em>J\u00f6rg, du bist nun seit mehreren Jahren schon Vorsitzender des TV Waidmannslust. Wie kommst du zu diesem Ortsteil, obwohl du, wie wir alle wissen, doch&nbsp;<\/em><em>Schollaner<\/em><em>&nbsp;bist?<\/em><\/p>\n\n\n\n<p>Da meine drei S\u00f6hne die Kita in der Nimrodstra\u00dfe und danach die M\u00fcnchhausen-Grundschule besuchten, entstand der Kontakt durch meinen j\u00fcngsten Sohn, der beim TVW Basketball spielte.<\/p>\n\n\n\n<p><em>Sag doch bitte ein paar Worte zur Entstehung des Vereins und wie dieser in das gesellschaftliche Leben&nbsp;<\/em><em>in Waidmannslust&nbsp;<\/em><em>eingebunden ist. Welche Rolle kann ein Sportverein da&nbsp;<\/em><em>gerade<\/em><em>&nbsp;heute noch \u00fcbernehmen?<\/em><\/p>\n\n\n\n<p>Anfang des letzten Jahrhunderts gab es eine&nbsp;breite Str\u00f6mung in der Bev\u00f6lkerung, die eigene Gesundheit durch sportliche Bewegung zu unterst\u00fctzen. So haben sich auch 1906 eine Handvoll junger Leute in Waidmannslust zusammengetan und \u2013 da sie noch nicht vollj\u00e4hrig waren &#8211; mit ihrem Lehrer als 1. Vorsitzenden den Turnverein Waidmannslust gegr\u00fcndet. Der Verein hat die vielen Jahrzehnte gut \u00fcberstanden und die Grundidee hat sich bis heute nicht \u00fcberlebt.&nbsp;Durch eine Reihe neuer Sportangebote, wie z.B. Zumba-Fitness oder Walking Fu\u00dfball und Eltern-Kind-Turnen,&nbsp;werden zus\u00e4tzlich Interessierte angesprochen. Auch das Schwimmen ist gefragt und die Anmeldungen \u00fcbersteigen die m\u00f6glichen Kapazit\u00e4ten.<\/p>\n\n\n\n<p>Die wesentliche Rolle neben der sportlichen Bet\u00e4tigung spielt u.E. das soziale Miteinander in den Gruppen und gruppen\u00fcbergreifende Kontakte auch au\u00dferhalb des Sports. Gerade in der verordneten Abstinenz im letzten Jahr durch Corona hat sich deutlich gezeigt, dass die pers\u00f6nlichen Kontakte der Gruppenmitglieder untereinander die gesellschaftlichen Verbindungen nicht haben abrei\u00dfen lassen.&nbsp;<\/p>\n\n\n\n<p>Dar\u00fcber hinaus gibt es eine relativ starke Einbindung&nbsp;des Vereins&nbsp;auch in die weiteren Aktivit\u00e4ten im Ortsteil. Das in erster Linie aber auch durch die zum Teil sich ergebende Personenidentit\u00e4t unserer Aktiven in den verschiedensten Aufgabenkreisen anderer Vereine und Gruppen. Solche Formen der Zusammenarbeit sind f\u00fcr einen Ortsteil sehr befruchtend.<\/p>\n\n\n\n<p><em>Wie ist die Altersstruktur im Verein und was bietet dieser seinen Mitgliedern?<\/em><\/p>\n\n\n\n<p>In der Kinder- und Jugendabteilung sowie in den Seniorengruppen haben wir keine Nachwuchssorgen. Dem Verein fehlt jedoch die Breite in der Altersklasse der 35 \u2013 55j\u00e4hrigen. Aber auch da machen wir in der letzten Zeit Fortschritte. Wie schon erw\u00e4hnt haben wir einige neue Sportarten. Aber ich bin davon \u00fcberzeugt, dass das soziale Miteinander neben den Aktivit\u00e4ten der einzelnen Abteilungen das Bindeglied zum Verein ist.<\/p>\n\n\n\n<p><em>Wie sch\u00e4tzt du die von Vielen im Verein geleisteten ehrenamtlichen Hilfen ein. Ist ein Sportverein ohne Ehrenamtliche \u00fcberhaupt denkbar?<\/em><\/p>\n\n\n\n<p>Ohne ehrenamtliche Helferinnen und Helfer ist ein Verein nicht lebensf\u00e4hig. Die&nbsp;Arbeit der Ehrenamtlichen kann nicht hoch genug gew\u00fcrdigt und wertgesch\u00e4tzt werden.<\/p>\n\n\n\n<p><em>Wie ist die \u00f6ffentliche und wie die politische Unterst\u00fctzung der beschriebenen Aufgaben?<\/em><\/p>\n\n\n\n<p>Die Politik betont zwar immer wieder, wie wichtig der Sport und die damit verbundene ehrenamtliche Arbeit f\u00fcr unsere Gesellschaft ist, aber leider bleibt es oftmals dabei. Die Unterst\u00fctzung durch \u00f6ffentliche Stellen, z.B. das Sportamt Reinickendorf, den Bezirkssportbund und den Landessportbund, ist jedoch engagiert!<\/p>\n\n\n\n<p><em>Wir haben geh\u00f6rt, dass der Nutzungsvertrag f\u00fcr die Gesch\u00e4ftsstelle des Vereins im \u201e<\/em><em>Bergschlo\u00df<\/em><em>\u201c, der ehemaligen Jugendfreizeitst\u00e4tte im Schatten des S-Bahnhofs Waidmannslust, \u00fcber das Jahr 2022 hinaus noch unklar ist. Gibt es daf\u00fcr einen alternativen Standort?<\/em><\/p>\n\n\n\n<p>Ein Sportverein geh\u00f6rt in seinen Ortsteil und wir haben f\u00fcr unsere Gesch\u00e4ftsstelle den Vorteil, dass sie nicht nur am S-Bahnhof und auch angebunden an den 222er Bus verkehrsm\u00e4\u00dfig \u00e4u\u00dferst g\u00fcnstig, sondern zudem noch sehr zentral zu den von uns genutzten Sportst\u00e4tten gelegen ist. Wenn es nicht m\u00f6glich wird, den Nutzungsvertrag zu verl\u00e4ngern, sehen wir im Ortsteil zurzeit keine angemessene Alternative.&nbsp;Wir stehen aus diesem Grunde in engen Verhandlungen mit den zust\u00e4ndigen Stellen&nbsp;und w\u00fcnschen uns&nbsp;von dort&nbsp;im Sinne der Bedeutung&nbsp;unserer&nbsp;Arbeit&nbsp;endlich deutlichere Zeichen!<\/p>\n\n\n\n<p>Die Turnhalle der M\u00fcnchhausen-Grundschule in der Artemisstra\u00dfe wird seit ihrer Errichtung im Jahre 1910 vom TVW genutzt. Es ist f\u00fcr uns vorstellbar, dass nach der Sanierung des Schulgeb\u00e4udes und nach der Errichtung des vorgesehenen Ersatzbaus&nbsp;dort&nbsp;auch R\u00e4umlichkeiten f\u00fcr uns frei werden. Da es hier aber offensichtlich noch keine konkreten Planungen gibt und mit dem Ersatzbau bis heute nicht begonnen worden ist, ist eine Verl\u00e4ngerung des Nutzungsvertrags im&nbsp;Bergschlo\u00df&nbsp;unverzichtbar. Wir w\u00fcnschen uns als Verantwortliche f\u00fcr&nbsp;750&nbsp;Mitglieder eine st\u00e4rkere Einbeziehung in die&nbsp;\u00dcberlegungen des Bezirks, da wir planen m\u00fcssen.<\/p>\n\n\n\n<p><em>Wie hat der Verein die Pandemie erlebt bzw. \u00fcberlebt?<\/em><\/p>\n\n\n\n<p>Schon zuvor hatte ich auf die vielen pers\u00f6nlichen Kontakte der Mitglieder untereinander auch au\u00dferhalb der \u00dcbungszeiten hingewiesen, die gerade auch in der Pandemie weiter bestanden haben. Durch die Angebotsstruktur, die vielf\u00e4ltig aber auch \u00fcberschaubar ist,&nbsp;und als relativ kleiner Verein im Vergleich zu den umliegenden Sportvereinen haben wir es da wohl auch leichter. Wir haben in der Pandemie kaum Mitglieder verloren und aktuell&nbsp;sogar&nbsp;weitere Anmeldungen.<\/p>\n\n\n\n<p><em>Was, glaubst du, ist das Besondere oder ggf. auch Liebenswerte an Waidmannslust?<\/em><\/p>\n\n\n\n<p>Das Besondere und Liebenswerte an Waidmannslust ist f\u00fcr mich die Lust und Neugier am Neuen sowie die soziale Struktur. Die Mischung stimmt!<\/p>\n\n\n\n<p>\u00dcbrigens: Interessierte finden das Angebot des Vereins unter\u00a0<strong><a href=\"http:\/\/www.tv-waidmannslust.de\" target=\"_blank\" rel=\"noreferrer noopener\">https:\/\/tv-waidmannslust.de<\/a><\/strong>\/<\/p>\n\n\n\n<p><em>Lieber J\u00f6rg, wir danken dir daf\u00fcr, dass du dir Zeit f\u00fcr uns genommen hast.<\/em><\/p>\n\n\n\n<p>Das Interview f\u00fchrte G\u00fcnther Poggel&nbsp;von der Initiative Waidmannslust<\/p>\n","protected":false},"excerpt":{"rendered":"<p>Da wir uns seit nahezu 35 Jahren kennen und auch &hellip; <\/p>\n","protected":false},"author":1,"featured_media":0,"parent":0,"menu_order":0,"comment_status":"closed","ping_status":"closed","template":"","meta":{"_bbp_topic_count":0,"_bbp_reply_count":0,"_bbp_total_topic_count":0,"_bbp_total_reply_count":0,"_bbp_voice_count":0,"_bbp_anonymous_reply_count":0,"_bbp_topic_count_hidden":0,"_bbp_reply_count_hidden":0,"_bbp_forum_subforum_count":0,"footnotes":""},"class_list":["post-916","page","type-page","status-publish","hentry"],"yoast_head":"<!-- This site is optimized with the Yoast SEO plugin v27.4 - https:\/\/yoast.com\/product\/yoast-seo-wordpress\/ -->\n<title>Interview mit J\u00f6rg Landt, 1. Vorsitzender des Turnvereins Waidmannslust - Initiative-Waidmannslust<\/title>\n<meta name=\"robots\" content=\"index, follow, max-snippet:-1, max-image-preview:large, max-video-preview:-1\" \/>\n<link rel=\"canonical\" href=\"https:\/\/initiative-waidmannslust.com\/index.php\/joerg-landt\/\" \/>\n<meta property=\"og:locale\" content=\"de_DE\" \/>\n<meta property=\"og:type\" content=\"article\" \/>\n<meta property=\"og:title\" content=\"Interview mit J\u00f6rg Landt, 1. Vorsitzender des Turnvereins Waidmannslust - Initiative-Waidmannslust\" \/>\n<meta property=\"og:description\" content=\"Da wir uns seit nahezu 35 Jahren kennen und auch &hellip;\" \/>\n<meta property=\"og:url\" content=\"https:\/\/initiative-waidmannslust.com\/index.php\/joerg-landt\/\" \/>\n<meta property=\"og:site_name\" content=\"Initiative-Waidmannslust\" \/>\n<meta property=\"article:modified_time\" content=\"2021-11-01T15:47:32+00:00\" \/>\n<meta property=\"og:image\" content=\"https:\/\/initiative-waidmannslust.com\/wp-content\/uploads\/2021\/11\/Landt.jpg\" \/>\n<meta name=\"twitter:card\" content=\"summary_large_image\" \/>\n<meta name=\"twitter:label1\" content=\"Gesch\u00e4tzte Lesezeit\" \/>\n\t<meta name=\"twitter:data1\" content=\"4\u00a0Minuten\" \/>\n<script type=\"application\/ld+json\" class=\"yoast-schema-graph\">{\"@context\":\"https:\\\/\\\/schema.org\",\"@graph\":[{\"@type\":\"WebPage\",\"@id\":\"https:\\\/\\\/initiative-waidmannslust.com\\\/index.php\\\/joerg-landt\\\/\",\"url\":\"https:\\\/\\\/initiative-waidmannslust.com\\\/index.php\\\/joerg-landt\\\/\",\"name\":\"Interview mit J\u00f6rg Landt, 1. Vorsitzender des Turnvereins Waidmannslust - Initiative-Waidmannslust\",\"isPartOf\":{\"@id\":\"https:\\\/\\\/initiative-waidmannslust.com\\\/#website\"},\"primaryImageOfPage\":{\"@id\":\"https:\\\/\\\/initiative-waidmannslust.com\\\/index.php\\\/joerg-landt\\\/#primaryimage\"},\"image\":{\"@id\":\"https:\\\/\\\/initiative-waidmannslust.com\\\/index.php\\\/joerg-landt\\\/#primaryimage\"},\"thumbnailUrl\":\"https:\\\/\\\/initiative-waidmannslust.com\\\/wp-content\\\/uploads\\\/2021\\\/11\\\/Landt.jpg\",\"datePublished\":\"2021-11-01T15:36:59+00:00\",\"dateModified\":\"2021-11-01T15:47:32+00:00\",\"breadcrumb\":{\"@id\":\"https:\\\/\\\/initiative-waidmannslust.com\\\/index.php\\\/joerg-landt\\\/#breadcrumb\"},\"inLanguage\":\"de\",\"potentialAction\":[{\"@type\":\"ReadAction\",\"target\":[\"https:\\\/\\\/initiative-waidmannslust.com\\\/index.php\\\/joerg-landt\\\/\"]}]},{\"@type\":\"ImageObject\",\"inLanguage\":\"de\",\"@id\":\"https:\\\/\\\/initiative-waidmannslust.com\\\/index.php\\\/joerg-landt\\\/#primaryimage\",\"url\":\"https:\\\/\\\/initiative-waidmannslust.com\\\/wp-content\\\/uploads\\\/2021\\\/11\\\/Landt.jpg\",\"contentUrl\":\"https:\\\/\\\/initiative-waidmannslust.com\\\/wp-content\\\/uploads\\\/2021\\\/11\\\/Landt.jpg\",\"width\":492,\"height\":640},{\"@type\":\"BreadcrumbList\",\"@id\":\"https:\\\/\\\/initiative-waidmannslust.com\\\/index.php\\\/joerg-landt\\\/#breadcrumb\",\"itemListElement\":[{\"@type\":\"ListItem\",\"position\":1,\"name\":\"Startseite\",\"item\":\"https:\\\/\\\/initiative-waidmannslust.com\\\/\"},{\"@type\":\"ListItem\",\"position\":2,\"name\":\"Interview mit J\u00f6rg Landt, 1. Vorsitzender des Turnvereins Waidmannslust\"}]},{\"@type\":\"WebSite\",\"@id\":\"https:\\\/\\\/initiative-waidmannslust.com\\\/#website\",\"url\":\"https:\\\/\\\/initiative-waidmannslust.com\\\/\",\"name\":\"Initiative-Waidmannslust\",\"description\":\"\",\"publisher\":{\"@id\":\"https:\\\/\\\/initiative-waidmannslust.com\\\/#organization\"},\"potentialAction\":[{\"@type\":\"SearchAction\",\"target\":{\"@type\":\"EntryPoint\",\"urlTemplate\":\"https:\\\/\\\/initiative-waidmannslust.com\\\/?s={search_term_string}\"},\"query-input\":{\"@type\":\"PropertyValueSpecification\",\"valueRequired\":true,\"valueName\":\"search_term_string\"}}],\"inLanguage\":\"de\"},{\"@type\":\"Organization\",\"@id\":\"https:\\\/\\\/initiative-waidmannslust.com\\\/#organization\",\"name\":\"Initiative Waidmannslust\",\"url\":\"https:\\\/\\\/initiative-waidmannslust.com\\\/\",\"logo\":{\"@type\":\"ImageObject\",\"inLanguage\":\"de\",\"@id\":\"https:\\\/\\\/initiative-waidmannslust.com\\\/#\\\/schema\\\/logo\\\/image\\\/\",\"url\":\"https:\\\/\\\/initiative-waidmannslust.com\\\/wp-content\\\/uploads\\\/2020\\\/01\\\/cropped-Logo-3.png\",\"contentUrl\":\"https:\\\/\\\/initiative-waidmannslust.com\\\/wp-content\\\/uploads\\\/2020\\\/01\\\/cropped-Logo-3.png\",\"width\":200,\"height\":52,\"caption\":\"Initiative Waidmannslust\"},\"image\":{\"@id\":\"https:\\\/\\\/initiative-waidmannslust.com\\\/#\\\/schema\\\/logo\\\/image\\\/\"}}]}<\/script>\n<!-- \/ Yoast SEO plugin. -->","yoast_head_json":{"title":"Interview mit J\u00f6rg Landt, 1. Vorsitzender des Turnvereins Waidmannslust - Initiative-Waidmannslust","robots":{"index":"index","follow":"follow","max-snippet":"max-snippet:-1","max-image-preview":"max-image-preview:large","max-video-preview":"max-video-preview:-1"},"canonical":"https:\/\/initiative-waidmannslust.com\/index.php\/joerg-landt\/","og_locale":"de_DE","og_type":"article","og_title":"Interview mit J\u00f6rg Landt, 1. Vorsitzender des Turnvereins Waidmannslust - Initiative-Waidmannslust","og_description":"Da wir uns seit nahezu 35 Jahren kennen und auch &hellip;","og_url":"https:\/\/initiative-waidmannslust.com\/index.php\/joerg-landt\/","og_site_name":"Initiative-Waidmannslust","article_modified_time":"2021-11-01T15:47:32+00:00","og_image":[{"url":"https:\/\/initiative-waidmannslust.com\/wp-content\/uploads\/2021\/11\/Landt.jpg","type":"","width":"","height":""}],"twitter_card":"summary_large_image","twitter_misc":{"Gesch\u00e4tzte Lesezeit":"4\u00a0Minuten"},"schema":{"@context":"https:\/\/schema.org","@graph":[{"@type":"WebPage","@id":"https:\/\/initiative-waidmannslust.com\/index.php\/joerg-landt\/","url":"https:\/\/initiative-waidmannslust.com\/index.php\/joerg-landt\/","name":"Interview mit J\u00f6rg Landt, 1. Vorsitzender des Turnvereins Waidmannslust - Initiative-Waidmannslust","isPartOf":{"@id":"https:\/\/initiative-waidmannslust.com\/#website"},"primaryImageOfPage":{"@id":"https:\/\/initiative-waidmannslust.com\/index.php\/joerg-landt\/#primaryimage"},"image":{"@id":"https:\/\/initiative-waidmannslust.com\/index.php\/joerg-landt\/#primaryimage"},"thumbnailUrl":"https:\/\/initiative-waidmannslust.com\/wp-content\/uploads\/2021\/11\/Landt.jpg","datePublished":"2021-11-01T15:36:59+00:00","dateModified":"2021-11-01T15:47:32+00:00","breadcrumb":{"@id":"https:\/\/initiative-waidmannslust.com\/index.php\/joerg-landt\/#breadcrumb"},"inLanguage":"de","potentialAction":[{"@type":"ReadAction","target":["https:\/\/initiative-waidmannslust.com\/index.php\/joerg-landt\/"]}]},{"@type":"ImageObject","inLanguage":"de","@id":"https:\/\/initiative-waidmannslust.com\/index.php\/joerg-landt\/#primaryimage","url":"https:\/\/initiative-waidmannslust.com\/wp-content\/uploads\/2021\/11\/Landt.jpg","contentUrl":"https:\/\/initiative-waidmannslust.com\/wp-content\/uploads\/2021\/11\/Landt.jpg","width":492,"height":640},{"@type":"BreadcrumbList","@id":"https:\/\/initiative-waidmannslust.com\/index.php\/joerg-landt\/#breadcrumb","itemListElement":[{"@type":"ListItem","position":1,"name":"Startseite","item":"https:\/\/initiative-waidmannslust.com\/"},{"@type":"ListItem","position":2,"name":"Interview mit J\u00f6rg Landt, 1. Vorsitzender des Turnvereins Waidmannslust"}]},{"@type":"WebSite","@id":"https:\/\/initiative-waidmannslust.com\/#website","url":"https:\/\/initiative-waidmannslust.com\/","name":"Initiative-Waidmannslust","description":"","publisher":{"@id":"https:\/\/initiative-waidmannslust.com\/#organization"},"potentialAction":[{"@type":"SearchAction","target":{"@type":"EntryPoint","urlTemplate":"https:\/\/initiative-waidmannslust.com\/?s={search_term_string}"},"query-input":{"@type":"PropertyValueSpecification","valueRequired":true,"valueName":"search_term_string"}}],"inLanguage":"de"},{"@type":"Organization","@id":"https:\/\/initiative-waidmannslust.com\/#organization","name":"Initiative Waidmannslust","url":"https:\/\/initiative-waidmannslust.com\/","logo":{"@type":"ImageObject","inLanguage":"de","@id":"https:\/\/initiative-waidmannslust.com\/#\/schema\/logo\/image\/","url":"https:\/\/initiative-waidmannslust.com\/wp-content\/uploads\/2020\/01\/cropped-Logo-3.png","contentUrl":"https:\/\/initiative-waidmannslust.com\/wp-content\/uploads\/2020\/01\/cropped-Logo-3.png","width":200,"height":52,"caption":"Initiative Waidmannslust"},"image":{"@id":"https:\/\/initiative-waidmannslust.com\/#\/schema\/logo\/image\/"}}]}},"_links":{"self":[{"href":"https:\/\/initiative-waidmannslust.com\/index.php\/wp-json\/wp\/v2\/pages\/916","targetHints":{"allow":["GET"]}}],"collection":[{"href":"https:\/\/initiative-waidmannslust.com\/index.php\/wp-json\/wp\/v2\/pages"}],"about":[{"href":"https:\/\/initiative-waidmannslust.com\/index.php\/wp-json\/wp\/v2\/types\/page"}],"author":[{"embeddable":true,"href":"https:\/\/initiative-waidmannslust.com\/index.php\/wp-json\/wp\/v2\/users\/1"}],"replies":[{"embeddable":true,"href":"https:\/\/initiative-waidmannslust.com\/index.php\/wp-json\/wp\/v2\/comments?post=916"}],"version-history":[{"count":2,"href":"https:\/\/initiative-waidmannslust.com\/index.php\/wp-json\/wp\/v2\/pages\/916\/revisions"}],"predecessor-version":[{"id":923,"href":"https:\/\/initiative-waidmannslust.com\/index.php\/wp-json\/wp\/v2\/pages\/916\/revisions\/923"}],"wp:attachment":[{"href":"https:\/\/initiative-waidmannslust.com\/index.php\/wp-json\/wp\/v2\/media?parent=916"}],"curies":[{"name":"wp","href":"https:\/\/api.w.org\/{rel}","templated":true}]}}