{"id":905,"date":"2021-09-27T18:09:49","date_gmt":"2021-09-27T18:09:49","guid":{"rendered":"https:\/\/initiative-waidmannslust.com\/?page_id=905"},"modified":"2021-09-27T18:09:54","modified_gmt":"2021-09-27T18:09:54","slug":"morgenland","status":"publish","type":"page","link":"https:\/\/initiative-waidmannslust.com\/index.php\/morgenland\/","title":{"rendered":"Interview mit dem Team vom Restaurant Morgenland"},"content":{"rendered":"\n<figure class=\"wp-block-image\"><img loading=\"lazy\" decoding=\"async\" width=\"1024\" height=\"768\" src=\"https:\/\/initiative-waidmannslust.com\/wp-content\/uploads\/2021\/09\/Morgenland-Foto-Farbig-1024x768.jpg\" alt=\"\" class=\"wp-image-888\" srcset=\"https:\/\/initiative-waidmannslust.com\/wp-content\/uploads\/2021\/09\/Morgenland-Foto-Farbig-1024x768.jpg 1024w, https:\/\/initiative-waidmannslust.com\/wp-content\/uploads\/2021\/09\/Morgenland-Foto-Farbig-300x225.jpg 300w, https:\/\/initiative-waidmannslust.com\/wp-content\/uploads\/2021\/09\/Morgenland-Foto-Farbig-768x576.jpg 768w, https:\/\/initiative-waidmannslust.com\/wp-content\/uploads\/2021\/09\/Morgenland-Foto-Farbig-1536x1152.jpg 1536w, https:\/\/initiative-waidmannslust.com\/wp-content\/uploads\/2021\/09\/Morgenland-Foto-Farbig.jpg 1600w\" sizes=\"auto, (max-width: 1024px) 100vw, 1024px\" \/><\/figure>\n\n\n\n<p>Ali C\u00fcr\u00fck hatte die Idee zu diesem Konzept und gr\u00fcndete das Restaurant 2015. Olaf Hellmund ist f\u00fcr das Wohlergehen der G\u00e4ste zust\u00e4ndig. Hakan Babacan ist Betreiber und als K\u00fcchenchef f\u00fcr die G\u00e4ste selten sichtbar.<\/p>\n\n\n\n<p><em>Das Geb\u00e4ude, in dem sich das Restaurant Morgenland befindet, ist ja den Waidmannslustern schon lange als ein Ort gehobener Gastronomie bekannt. K\u00f6nnen Sie etwas zur Historie dieses Hauses sagen?<\/em><\/p>\n\n\n\n<p>Olaf: Ich bin im Berliner Norden aufgewachsen und da geh\u00f6rte es zu den Gewohnheiten meiner Gro\u00dfmutter, sich mit ihren Freundinnen ab und zu einmal etwas Gutes zu g\u00f6nnen und dazu geh\u00f6rte eben auch manchmal ein Besuch im&nbsp;<em>Rockendorf\u2018s,&nbsp;<\/em>und ich als kleiner Steppke musste mit. So gesehen kenne ich das Haus schon immer, und das erkl\u00e4rt auch ein bisschen, warum ich an diesem Arbeitsplatz ganz besonders h\u00e4nge \u2013 er geh\u00f6rt einfach zu mir und ich arbeite hier sehr gern mit Hakan und Ali in dieser famili\u00e4ren Atmosph\u00e4re. Das&nbsp;<em>Rockendorf<\/em>&nbsp;\u2018s war immer schon eine ganz besondere Adresse. In den fr\u00fchen achtziger Jahren betrat man das Restaurant noch durch das Souterrain \u2013 selbstverst\u00e4ndlich nach Voranmeldung. Frau Rockendorf begr\u00fc\u00dfte und bediente meist im Frack ihr handverlesenes Publikum. Auch f\u00fcr viele franz\u00f6sische G\u00e4ste der damaligen Zeit war das&nbsp;<em>Rockendorf\u2018s&nbsp;<\/em>eine beliebte Adresse, denn Siegfried Rockendorf stand f\u00fcr gehobene gastronomische Anspr\u00fcche und erhielt hier in Waidmannslust seinen f\u00fcr Berlin ersten Michelin-Stern.<\/p>\n\n\n\n<p><em>Eine Adresse f\u00fcr gehobene Gastronomie blieb das Restaurant dann in den folgenden Jahren unter verschiedenen Betreibern, die ihrerseits unterschiedliche kulinarische Schwerpunkte setzten und damit auch unterschiedlich erfolgreich waren. Wie sind Sie nun gerade auf die Idee gekommen, ein Restaurant mit gehobener t\u00fcrkischer K\u00fcche hier in Waidmannslust anzubieten?<\/em><\/p>\n\n\n\n<p>Ali: Ich wohne ja schon seit 1997 in Waidmannslust, kenne diesen Ortsteil und seitdem bin ich als Gastronom t\u00e4tig. Ich kenne Olaf und Hakan schon lange und hatte mit ihm schon vorher fast zwei Jahrzehnte lang zusammengearbeitet. Es war von mir ein Wunschtraum, ein Restaurant mit gehobener t\u00fcrkischer K\u00fcche anzubieten. Das war sicher neu f\u00fcr den Norden von Berlin. Und das war ein Wagnis, dem ich mich aber gern stellen wollte. Da bot sich dann dieses Haus an, das schon eine Tradition in gehobener Gastronomie mitbrachte. Also gingen wir diese Herausforderung an: Wir wollten so authentisch wie m\u00f6glich t\u00fcrkisch-orientalisch mit hohem gastronomischem Niveau kochen. Unsere Hingabe an diese Aufgabe sollten die G\u00e4ste sp\u00fcren, denn t\u00fcrkische K\u00fcche unserer Qualit\u00e4t gab es im weiten Umfeld nicht. Und so er\u00f6ffneten wir 2015, und der Erfolg stellte sich dann auch ein. Es entwickelte sich ein zufriedenes Stammpublikum, das nicht selten unser Restaurant auch f\u00fcr Familienfeiern buchte.<\/p>\n\n\n\n<p><em>Dann kam die Pandemie und Sie mussten f\u00fcr viele Monate schlie\u00dfen. Wie haben Sie in ihrem Unternehmen diese Zeit erlebt?<\/em><\/p>\n\n\n\n<p>Hakan: Als das alles 2020 begann, haben wir nicht vermutet, dass dieser Zustand so lange andauern w\u00fcrde. Wir haben aber von Anfang an versucht, aktiv mit dieser Situation umzugehen. Wir haben immer unsere G\u00e4ste im Auge gehabt, f\u00fcr die wir durch unseren Lieferservice ein st\u00e4ndiges Angebot bereitgehalten haben. Wir wollten ganz einfach bei unseren Stammg\u00e4sten im Ged\u00e4chtnis bleiben. Und ganz besonders hat uns die Welle der Hilfsbereitschaft gefreut, die sich im Kauf von&nbsp; Gutscheinen ge\u00e4u\u00dfert hat. Da war ein starker Zusammenhalt sp\u00fcrbar, der sich uns in dieser schwierigen Situation mitgeteilt hat.<\/p>\n\n\n\n<p><em>Aber haben Sie denn nicht auch staatliche Unterst\u00fctzung erhalten?<\/em><\/p>\n\n\n\n<p>Hakan: Ja, aber diese Unterst\u00fctzung reichte eben nur f\u00fcr das Allernotwendigste. Das hat insgesamt alles viel zu lange gedauert und dauert noch.<\/p>\n\n\n\n<p><em>Und jetzt, wo Sie wieder \u00f6ffnen d\u00fcrfen, was hat sich ver\u00e4ndert?<\/em><\/p>\n\n\n\n<p>Ali: Es wird wohl noch eine Weile dauern, bis sich die Menschen wieder alle ins Restaurant trauen. Die Auflagen bleiben im Moment ja weiterhin bestehen, dass jeder Gast, der nicht drau\u00dfen sitzt, vollst\u00e4ndig geimpft sein muss oder einen Test mitbringt.<\/p>\n\n\n\n<p>Olaf: Ja, das ist f\u00fcr uns wirklich weiterhin ein Problem, denn unsere Terrasse ist ja recht klein. Immerhin, wir sind ja froh, dass wir jetzt \u00fcberhaupt Pl\u00e4tze im Freien anbieten k\u00f6nnen \u2013 die Terrasse gab es im&nbsp;<em>Rockendorf\u2018s<\/em>&nbsp;noch nicht. Damit geht es uns jetzt schon besser.<\/p>\n\n\n\n<p><em>Nun hoffen wir sehr, dass sich die Lage nicht wieder verschlechtern wird und Sie beginnen k\u00f6nnen, Ihren Blick in die Zukunft zu richten. Was planen Sie in Ihrem Restaurant f\u00fcr die n\u00e4chsten Wochen und Monate?<\/em><\/p>\n\n\n\n<p>Hakan: Wir wollen nat\u00fcrlich weiterhin f\u00fcr unsere G\u00e4ste gehobene t\u00fcrkisch-orientalische K\u00fcche anbieten \u2013 das liegt uns weiterhin sehr am Herzen. Da bleiben wir uns selber treu. K\u00fcnftig planen wir aber auch, neben unserer klassischen Speisekarte zus\u00e4tzlich wechselnde saisonale Gerichte anzubieten. Wir wollen auch wie zuvor Familienfeiern und Weihnachtsfeiern ausrichten, wenn es m\u00f6glich bleibt. Und auch Veranstaltungen wie Lesungen, eine Vernissage oder auch t\u00fcrkische Abende k\u00f6nnen wir uns durchaus vorstellen und hoffen, sie in n\u00e4chster Zeit hier f\u00fcr die Menschen in Waidmannslust realisieren zu k\u00f6nnen.<\/p>\n\n\n\n<p><em>Und daf\u00fcr w\u00fcnschen wir Ihnen viel Erfolg und gutes Gelingen. Ich danke Ihnen f\u00fcr dieses Gespr\u00e4ch.<\/em>\u00a0<\/p>\n\n\n\n<p>Das Interview wurde am 17. Juni 2021 von Helga Nieschalk von der Initiative Waidmannslust gef\u00fchrt.<\/p>\n\n\n\n<figure class=\"wp-block-image\"><img loading=\"lazy\" decoding=\"async\" width=\"1000\" height=\"237\" src=\"https:\/\/initiative-waidmannslust.com\/wp-content\/uploads\/2021\/09\/2021-morgenland-flyer-innen-Schwarz-Weis.jpg\" alt=\"\" class=\"wp-image-889\" srcset=\"https:\/\/initiative-waidmannslust.com\/wp-content\/uploads\/2021\/09\/2021-morgenland-flyer-innen-Schwarz-Weis.jpg 1000w, https:\/\/initiative-waidmannslust.com\/wp-content\/uploads\/2021\/09\/2021-morgenland-flyer-innen-Schwarz-Weis-300x71.jpg 300w, https:\/\/initiative-waidmannslust.com\/wp-content\/uploads\/2021\/09\/2021-morgenland-flyer-innen-Schwarz-Weis-768x182.jpg 768w\" sizes=\"auto, (max-width: 1000px) 100vw, 1000px\" \/><\/figure>\n","protected":false},"excerpt":{"rendered":"<p>Ali C\u00fcr\u00fck hatte die Idee zu diesem Konzept und gr\u00fcndete &hellip; <\/p>\n","protected":false},"author":1,"featured_media":0,"parent":0,"menu_order":0,"comment_status":"closed","ping_status":"closed","template":"","meta":{"_bbp_topic_count":0,"_bbp_reply_count":0,"_bbp_total_topic_count":0,"_bbp_total_reply_count":0,"_bbp_voice_count":0,"_bbp_anonymous_reply_count":0,"_bbp_topic_count_hidden":0,"_bbp_reply_count_hidden":0,"_bbp_forum_subforum_count":0,"footnotes":""},"class_list":["post-905","page","type-page","status-publish","hentry"],"yoast_head":"<!-- This site is optimized with the Yoast SEO plugin v27.6 - https:\/\/yoast.com\/product\/yoast-seo-wordpress\/ -->\n<title>Interview mit dem Team vom Restaurant Morgenland - Initiative-Waidmannslust<\/title>\n<meta name=\"robots\" content=\"index, follow, max-snippet:-1, max-image-preview:large, max-video-preview:-1\" \/>\n<link rel=\"canonical\" href=\"https:\/\/initiative-waidmannslust.com\/index.php\/morgenland\/\" \/>\n<meta property=\"og:locale\" content=\"de_DE\" \/>\n<meta property=\"og:type\" content=\"article\" \/>\n<meta property=\"og:title\" content=\"Interview mit dem Team vom Restaurant Morgenland - Initiative-Waidmannslust\" \/>\n<meta property=\"og:description\" content=\"Ali C\u00fcr\u00fck hatte die Idee zu diesem Konzept und gr\u00fcndete &hellip;\" \/>\n<meta property=\"og:url\" content=\"https:\/\/initiative-waidmannslust.com\/index.php\/morgenland\/\" \/>\n<meta property=\"og:site_name\" content=\"Initiative-Waidmannslust\" \/>\n<meta property=\"article:modified_time\" content=\"2021-09-27T18:09:54+00:00\" \/>\n<meta property=\"og:image\" content=\"https:\/\/initiative-waidmannslust.com\/wp-content\/uploads\/2021\/09\/Morgenland-Foto-Farbig-1024x768.jpg\" \/>\n<meta name=\"twitter:card\" content=\"summary_large_image\" \/>\n<meta name=\"twitter:label1\" content=\"Gesch\u00e4tzte Lesezeit\" \/>\n\t<meta name=\"twitter:data1\" content=\"4\u00a0Minuten\" \/>\n<script type=\"application\/ld+json\" class=\"yoast-schema-graph\">{\"@context\":\"https:\\\/\\\/schema.org\",\"@graph\":[{\"@type\":\"WebPage\",\"@id\":\"https:\\\/\\\/initiative-waidmannslust.com\\\/index.php\\\/morgenland\\\/\",\"url\":\"https:\\\/\\\/initiative-waidmannslust.com\\\/index.php\\\/morgenland\\\/\",\"name\":\"Interview mit dem Team vom Restaurant Morgenland - Initiative-Waidmannslust\",\"isPartOf\":{\"@id\":\"https:\\\/\\\/initiative-waidmannslust.com\\\/#website\"},\"primaryImageOfPage\":{\"@id\":\"https:\\\/\\\/initiative-waidmannslust.com\\\/index.php\\\/morgenland\\\/#primaryimage\"},\"image\":{\"@id\":\"https:\\\/\\\/initiative-waidmannslust.com\\\/index.php\\\/morgenland\\\/#primaryimage\"},\"thumbnailUrl\":\"https:\\\/\\\/initiative-waidmannslust.com\\\/wp-content\\\/uploads\\\/2021\\\/09\\\/Morgenland-Foto-Farbig-1024x768.jpg\",\"datePublished\":\"2021-09-27T18:09:49+00:00\",\"dateModified\":\"2021-09-27T18:09:54+00:00\",\"breadcrumb\":{\"@id\":\"https:\\\/\\\/initiative-waidmannslust.com\\\/index.php\\\/morgenland\\\/#breadcrumb\"},\"inLanguage\":\"de\",\"potentialAction\":[{\"@type\":\"ReadAction\",\"target\":[\"https:\\\/\\\/initiative-waidmannslust.com\\\/index.php\\\/morgenland\\\/\"]}]},{\"@type\":\"ImageObject\",\"inLanguage\":\"de\",\"@id\":\"https:\\\/\\\/initiative-waidmannslust.com\\\/index.php\\\/morgenland\\\/#primaryimage\",\"url\":\"https:\\\/\\\/initiative-waidmannslust.com\\\/wp-content\\\/uploads\\\/2021\\\/09\\\/Morgenland-Foto-Farbig.jpg\",\"contentUrl\":\"https:\\\/\\\/initiative-waidmannslust.com\\\/wp-content\\\/uploads\\\/2021\\\/09\\\/Morgenland-Foto-Farbig.jpg\",\"width\":1600,\"height\":1200},{\"@type\":\"BreadcrumbList\",\"@id\":\"https:\\\/\\\/initiative-waidmannslust.com\\\/index.php\\\/morgenland\\\/#breadcrumb\",\"itemListElement\":[{\"@type\":\"ListItem\",\"position\":1,\"name\":\"Startseite\",\"item\":\"https:\\\/\\\/initiative-waidmannslust.com\\\/\"},{\"@type\":\"ListItem\",\"position\":2,\"name\":\"Interview mit dem Team vom Restaurant Morgenland\"}]},{\"@type\":\"WebSite\",\"@id\":\"https:\\\/\\\/initiative-waidmannslust.com\\\/#website\",\"url\":\"https:\\\/\\\/initiative-waidmannslust.com\\\/\",\"name\":\"Initiative-Waidmannslust\",\"description\":\"\",\"publisher\":{\"@id\":\"https:\\\/\\\/initiative-waidmannslust.com\\\/#organization\"},\"potentialAction\":[{\"@type\":\"SearchAction\",\"target\":{\"@type\":\"EntryPoint\",\"urlTemplate\":\"https:\\\/\\\/initiative-waidmannslust.com\\\/?s={search_term_string}\"},\"query-input\":{\"@type\":\"PropertyValueSpecification\",\"valueRequired\":true,\"valueName\":\"search_term_string\"}}],\"inLanguage\":\"de\"},{\"@type\":\"Organization\",\"@id\":\"https:\\\/\\\/initiative-waidmannslust.com\\\/#organization\",\"name\":\"Initiative Waidmannslust\",\"url\":\"https:\\\/\\\/initiative-waidmannslust.com\\\/\",\"logo\":{\"@type\":\"ImageObject\",\"inLanguage\":\"de\",\"@id\":\"https:\\\/\\\/initiative-waidmannslust.com\\\/#\\\/schema\\\/logo\\\/image\\\/\",\"url\":\"https:\\\/\\\/initiative-waidmannslust.com\\\/wp-content\\\/uploads\\\/2020\\\/01\\\/cropped-Logo-3.png\",\"contentUrl\":\"https:\\\/\\\/initiative-waidmannslust.com\\\/wp-content\\\/uploads\\\/2020\\\/01\\\/cropped-Logo-3.png\",\"width\":200,\"height\":52,\"caption\":\"Initiative Waidmannslust\"},\"image\":{\"@id\":\"https:\\\/\\\/initiative-waidmannslust.com\\\/#\\\/schema\\\/logo\\\/image\\\/\"}}]}<\/script>\n<!-- \/ Yoast SEO plugin. -->","yoast_head_json":{"title":"Interview mit dem Team vom Restaurant Morgenland - Initiative-Waidmannslust","robots":{"index":"index","follow":"follow","max-snippet":"max-snippet:-1","max-image-preview":"max-image-preview:large","max-video-preview":"max-video-preview:-1"},"canonical":"https:\/\/initiative-waidmannslust.com\/index.php\/morgenland\/","og_locale":"de_DE","og_type":"article","og_title":"Interview mit dem Team vom Restaurant Morgenland - Initiative-Waidmannslust","og_description":"Ali C\u00fcr\u00fck hatte die Idee zu diesem Konzept und gr\u00fcndete &hellip;","og_url":"https:\/\/initiative-waidmannslust.com\/index.php\/morgenland\/","og_site_name":"Initiative-Waidmannslust","article_modified_time":"2021-09-27T18:09:54+00:00","og_image":[{"url":"https:\/\/initiative-waidmannslust.com\/wp-content\/uploads\/2021\/09\/Morgenland-Foto-Farbig-1024x768.jpg","type":"","width":"","height":""}],"twitter_card":"summary_large_image","twitter_misc":{"Gesch\u00e4tzte Lesezeit":"4\u00a0Minuten"},"schema":{"@context":"https:\/\/schema.org","@graph":[{"@type":"WebPage","@id":"https:\/\/initiative-waidmannslust.com\/index.php\/morgenland\/","url":"https:\/\/initiative-waidmannslust.com\/index.php\/morgenland\/","name":"Interview mit dem Team vom Restaurant Morgenland - Initiative-Waidmannslust","isPartOf":{"@id":"https:\/\/initiative-waidmannslust.com\/#website"},"primaryImageOfPage":{"@id":"https:\/\/initiative-waidmannslust.com\/index.php\/morgenland\/#primaryimage"},"image":{"@id":"https:\/\/initiative-waidmannslust.com\/index.php\/morgenland\/#primaryimage"},"thumbnailUrl":"https:\/\/initiative-waidmannslust.com\/wp-content\/uploads\/2021\/09\/Morgenland-Foto-Farbig-1024x768.jpg","datePublished":"2021-09-27T18:09:49+00:00","dateModified":"2021-09-27T18:09:54+00:00","breadcrumb":{"@id":"https:\/\/initiative-waidmannslust.com\/index.php\/morgenland\/#breadcrumb"},"inLanguage":"de","potentialAction":[{"@type":"ReadAction","target":["https:\/\/initiative-waidmannslust.com\/index.php\/morgenland\/"]}]},{"@type":"ImageObject","inLanguage":"de","@id":"https:\/\/initiative-waidmannslust.com\/index.php\/morgenland\/#primaryimage","url":"https:\/\/initiative-waidmannslust.com\/wp-content\/uploads\/2021\/09\/Morgenland-Foto-Farbig.jpg","contentUrl":"https:\/\/initiative-waidmannslust.com\/wp-content\/uploads\/2021\/09\/Morgenland-Foto-Farbig.jpg","width":1600,"height":1200},{"@type":"BreadcrumbList","@id":"https:\/\/initiative-waidmannslust.com\/index.php\/morgenland\/#breadcrumb","itemListElement":[{"@type":"ListItem","position":1,"name":"Startseite","item":"https:\/\/initiative-waidmannslust.com\/"},{"@type":"ListItem","position":2,"name":"Interview mit dem Team vom Restaurant Morgenland"}]},{"@type":"WebSite","@id":"https:\/\/initiative-waidmannslust.com\/#website","url":"https:\/\/initiative-waidmannslust.com\/","name":"Initiative-Waidmannslust","description":"","publisher":{"@id":"https:\/\/initiative-waidmannslust.com\/#organization"},"potentialAction":[{"@type":"SearchAction","target":{"@type":"EntryPoint","urlTemplate":"https:\/\/initiative-waidmannslust.com\/?s={search_term_string}"},"query-input":{"@type":"PropertyValueSpecification","valueRequired":true,"valueName":"search_term_string"}}],"inLanguage":"de"},{"@type":"Organization","@id":"https:\/\/initiative-waidmannslust.com\/#organization","name":"Initiative Waidmannslust","url":"https:\/\/initiative-waidmannslust.com\/","logo":{"@type":"ImageObject","inLanguage":"de","@id":"https:\/\/initiative-waidmannslust.com\/#\/schema\/logo\/image\/","url":"https:\/\/initiative-waidmannslust.com\/wp-content\/uploads\/2020\/01\/cropped-Logo-3.png","contentUrl":"https:\/\/initiative-waidmannslust.com\/wp-content\/uploads\/2020\/01\/cropped-Logo-3.png","width":200,"height":52,"caption":"Initiative Waidmannslust"},"image":{"@id":"https:\/\/initiative-waidmannslust.com\/#\/schema\/logo\/image\/"}}]}},"_links":{"self":[{"href":"https:\/\/initiative-waidmannslust.com\/index.php\/wp-json\/wp\/v2\/pages\/905","targetHints":{"allow":["GET"]}}],"collection":[{"href":"https:\/\/initiative-waidmannslust.com\/index.php\/wp-json\/wp\/v2\/pages"}],"about":[{"href":"https:\/\/initiative-waidmannslust.com\/index.php\/wp-json\/wp\/v2\/types\/page"}],"author":[{"embeddable":true,"href":"https:\/\/initiative-waidmannslust.com\/index.php\/wp-json\/wp\/v2\/users\/1"}],"replies":[{"embeddable":true,"href":"https:\/\/initiative-waidmannslust.com\/index.php\/wp-json\/wp\/v2\/comments?post=905"}],"version-history":[{"count":1,"href":"https:\/\/initiative-waidmannslust.com\/index.php\/wp-json\/wp\/v2\/pages\/905\/revisions"}],"predecessor-version":[{"id":906,"href":"https:\/\/initiative-waidmannslust.com\/index.php\/wp-json\/wp\/v2\/pages\/905\/revisions\/906"}],"wp:attachment":[{"href":"https:\/\/initiative-waidmannslust.com\/index.php\/wp-json\/wp\/v2\/media?parent=905"}],"curies":[{"name":"wp","href":"https:\/\/api.w.org\/{rel}","templated":true}]}}