{"id":871,"date":"2021-06-22T16:23:35","date_gmt":"2021-06-22T16:23:35","guid":{"rendered":"https:\/\/initiative-waidmannslust.com\/?page_id=871"},"modified":"2022-05-09T18:52:08","modified_gmt":"2022-05-09T18:52:08","slug":"waidmannsluster-koepfe","status":"publish","type":"page","link":"https:\/\/initiative-waidmannslust.com\/index.php\/waidmannsluster-koepfe\/","title":{"rendered":"Waidmannsluster K\u00f6pfe"},"content":{"rendered":"\n<p class=\"has-medium-font-size\">Zu den Interviews geht es mit einem Klick auf das entsprechende Bild.<strong> <\/strong><\/p>\n\n\n\n<div class=\"wp-block-buttons is-layout-flex wp-block-buttons-is-layout-flex\"><\/div>\n\n\n\n<div class=\"wp-block-columns is-layout-flex wp-container-core-columns-is-layout-9d6595d7 wp-block-columns-is-layout-flex\">\n<div class=\"wp-block-column is-layout-flow wp-block-column-is-layout-flow\">\n<div class=\"wp-block-image\"><figure class=\"aligncenter size-full is-resized\"><a href=\"https:\/\/initiative-waidmannslust.com\/index.php\/pfarrer-anders\/\"><img loading=\"lazy\" decoding=\"async\" src=\"https:\/\/initiative-waidmannslust.com\/wp-content\/uploads\/2021\/06\/Herr-Anders_Passbildgroesse.jpg\" alt=\"\" class=\"wp-image-877\" width=\"184\" height=\"240\"\/><\/a><figcaption>Pfarrer Anders<\/figcaption><\/figure><\/div>\n\n\n\n<div class=\"wp-block-image is-style-default\"><figure class=\"aligncenter size-full is-resized\"><a href=\"https:\/\/initiative-waidmannslust.com\/index.php\/joerg-landt\/\"><img loading=\"lazy\" decoding=\"async\" src=\"https:\/\/initiative-waidmannslust.com\/wp-content\/uploads\/2021\/11\/Landt-edited.jpg\" alt=\"\" class=\"wp-image-920\" width=\"184\" height=\"240\" srcset=\"https:\/\/initiative-waidmannslust.com\/wp-content\/uploads\/2021\/11\/Landt-edited.jpg 492w, https:\/\/initiative-waidmannslust.com\/wp-content\/uploads\/2021\/11\/Landt-edited-231x300.jpg 231w\" sizes=\"auto, (max-width: 184px) 100vw, 184px\" \/><\/a><figcaption>J\u00f6rg Landt<\/figcaption><\/figure><\/div>\n\n\n\n<div class=\"wp-block-image is-style-default\"><figure class=\"aligncenter size-large is-resized\"><a href=\"https:\/\/initiative-waidmannslust.com\/index.php\/buchhandlung-leselust\/\"><img loading=\"lazy\" decoding=\"async\" src=\"https:\/\/initiative-waidmannslust.com\/wp-content\/uploads\/2022\/01\/signal-2021-12-23-073244-edited-1.jpeg\" alt=\"\" class=\"wp-image-944\" width=\"193\" height=\"289\" srcset=\"https:\/\/initiative-waidmannslust.com\/wp-content\/uploads\/2022\/01\/signal-2021-12-23-073244-edited-1.jpeg 1080w, https:\/\/initiative-waidmannslust.com\/wp-content\/uploads\/2022\/01\/signal-2021-12-23-073244-edited-1-200x300.jpeg 200w, https:\/\/initiative-waidmannslust.com\/wp-content\/uploads\/2022\/01\/signal-2021-12-23-073244-edited-1-683x1024.jpeg 683w, https:\/\/initiative-waidmannslust.com\/wp-content\/uploads\/2022\/01\/signal-2021-12-23-073244-edited-1-768x1151.jpeg 768w, https:\/\/initiative-waidmannslust.com\/wp-content\/uploads\/2022\/01\/signal-2021-12-23-073244-edited-1-1025x1536.jpeg 1025w\" sizes=\"auto, (max-width: 193px) 100vw, 193px\" \/><\/a><figcaption>Frau Robben und Frau Liebert<\/figcaption><\/figure><\/div>\n\n\n\n<div class=\"wp-block-image is-style-default\"><figure class=\"aligncenter size-full is-resized\"><a href=\"https:\/\/initiative-waidmannslust.com\/index.php\/interview-mit-frau-drust\/\"><img loading=\"lazy\" decoding=\"async\" src=\"https:\/\/initiative-waidmannslust.com\/wp-content\/uploads\/2022\/03\/20210513_145053-1.jpg\" alt=\"\" class=\"wp-image-984\" width=\"189\" height=\"258\" srcset=\"https:\/\/initiative-waidmannslust.com\/wp-content\/uploads\/2022\/03\/20210513_145053-1.jpg 586w, https:\/\/initiative-waidmannslust.com\/wp-content\/uploads\/2022\/03\/20210513_145053-1-220x300.jpg 220w\" sizes=\"auto, (max-width: 189px) 100vw, 189px\" \/><\/a><figcaption>Frau Drust<\/figcaption><\/figure><\/div>\n\n\n\n<div class=\"wp-block-image is-style-default\"><figure class=\"aligncenter size-large is-resized\"><a href=\"https:\/\/initiative-waidmannslust.com\/index.php\/interview-mit-joerg-suess-geschaeftsfuehrer-suess-gmbh\/\"><img loading=\"lazy\" decoding=\"async\" src=\"https:\/\/initiative-waidmannslust.com\/wp-content\/uploads\/2022\/04\/Joerg-Suess-718x1024.jpg\" alt=\"\" class=\"wp-image-1003\" width=\"188\" height=\"267\" srcset=\"https:\/\/initiative-waidmannslust.com\/wp-content\/uploads\/2022\/04\/Joerg-Suess-718x1024.jpg 718w, https:\/\/initiative-waidmannslust.com\/wp-content\/uploads\/2022\/04\/Joerg-Suess-768x1095.jpg 768w, https:\/\/initiative-waidmannslust.com\/wp-content\/uploads\/2022\/04\/Joerg-Suess-1077x1536.jpg 1077w, https:\/\/initiative-waidmannslust.com\/wp-content\/uploads\/2022\/04\/Joerg-Suess-1436x2048.jpg 1436w, https:\/\/initiative-waidmannslust.com\/wp-content\/uploads\/2022\/04\/Joerg-Suess-scaled.jpg 1796w\" sizes=\"auto, (max-width: 188px) 100vw, 188px\" \/><\/a><figcaption>J\u00f6rg S\u00fc\u00df<\/figcaption><\/figure><\/div>\n<\/div>\n\n\n\n<div class=\"wp-block-column is-vertically-aligned-top is-layout-flow wp-block-column-is-layout-flow\">\n<div class=\"wp-block-image\"><figure class=\"aligncenter size-large is-resized\"><a href=\"https:\/\/initiative-waidmannslust.com\/index.php\/morgenland\/\"><img loading=\"lazy\" decoding=\"async\" src=\"https:\/\/initiative-waidmannslust.com\/wp-content\/uploads\/2021\/09\/Morgenland-Foto-Farbig-1024x768.jpg\" alt=\"\" class=\"wp-image-888\" width=\"322\" height=\"240\"\/><\/a><figcaption>Das Team vom Restaurant Morgenland<\/figcaption><\/figure><\/div>\n\n\n\n<div class=\"wp-block-image is-style-default\"><figure class=\"aligncenter size-large is-resized\"><a href=\"https:\/\/initiative-waidmannslust.com\/index.php\/interview-bukovec\/\"><img loading=\"lazy\" decoding=\"async\" src=\"https:\/\/initiative-waidmannslust.com\/wp-content\/uploads\/2021\/12\/Frau_Bukovec-683x1024.jpg\" alt=\"\" class=\"wp-image-927\" width=\"161\" height=\"240\" srcset=\"https:\/\/initiative-waidmannslust.com\/wp-content\/uploads\/2021\/12\/Frau_Bukovec-683x1024.jpg 683w, https:\/\/initiative-waidmannslust.com\/wp-content\/uploads\/2021\/12\/Frau_Bukovec-768x1151.jpg 768w, https:\/\/initiative-waidmannslust.com\/wp-content\/uploads\/2021\/12\/Frau_Bukovec-1025x1536.jpg 1025w, https:\/\/initiative-waidmannslust.com\/wp-content\/uploads\/2021\/12\/Frau_Bukovec.jpg 1334w\" sizes=\"auto, (max-width: 161px) 100vw, 161px\" \/><\/a><figcaption>Suncica&nbsp; Bukovec<\/figcaption><\/figure><\/div>\n\n\n\n<div class=\"wp-block-image is-style-default\"><figure class=\"aligncenter size-large is-resized\"><a href=\"https:\/\/initiative-waidmannslust.com\/index.php\/interview-mit-frau-schlosser\/\"><img loading=\"lazy\" decoding=\"async\" src=\"https:\/\/initiative-waidmannslust.com\/wp-content\/uploads\/2022\/03\/image-1-851x1024.jpeg\" alt=\"\" class=\"wp-image-978\" width=\"241\" height=\"287\"\/><\/a><figcaption>Frau Schlo\u00dfer<\/figcaption><\/figure><\/div>\n\n\n\n<div class=\"wp-block-image is-style-default\"><figure class=\"aligncenter size-large is-resized\"><a href=\"https:\/\/initiative-waidmannslust.com\/index.php\/interview-mit-ruth-winkelmann\/\"><img loading=\"lazy\" decoding=\"async\" src=\"https:\/\/initiative-waidmannslust.com\/wp-content\/uploads\/2022\/04\/Ruth-Winkelmann-2-edited.jpg\" alt=\"\" class=\"wp-image-1002\" width=\"283\" height=\"212\" srcset=\"https:\/\/initiative-waidmannslust.com\/wp-content\/uploads\/2022\/04\/Ruth-Winkelmann-2-edited.jpg 2479w, https:\/\/initiative-waidmannslust.com\/wp-content\/uploads\/2022\/04\/Ruth-Winkelmann-2-edited-300x225.jpg 300w, https:\/\/initiative-waidmannslust.com\/wp-content\/uploads\/2022\/04\/Ruth-Winkelmann-2-edited-1024x769.jpg 1024w, https:\/\/initiative-waidmannslust.com\/wp-content\/uploads\/2022\/04\/Ruth-Winkelmann-2-edited-768x577.jpg 768w, https:\/\/initiative-waidmannslust.com\/wp-content\/uploads\/2022\/04\/Ruth-Winkelmann-2-edited-1536x1153.jpg 1536w, https:\/\/initiative-waidmannslust.com\/wp-content\/uploads\/2022\/04\/Ruth-Winkelmann-2-edited-2048x1537.jpg 2048w\" sizes=\"auto, (max-width: 283px) 100vw, 283px\" \/><\/a><figcaption>Ruth Winkelmann<\/figcaption><\/figure><\/div>\n\n\n\n<div class=\"wp-block-image\"><figure class=\"aligncenter size-large is-resized\"><a href=\"interview-mit-den-malermeistern-vetter\"><img loading=\"lazy\" decoding=\"async\" src=\"https:\/\/initiative-waidmannslust.com\/wp-content\/uploads\/2022\/05\/image-1024x719.png\" alt=\"\" class=\"wp-image-1018\" width=\"287\" height=\"201\" srcset=\"https:\/\/initiative-waidmannslust.com\/wp-content\/uploads\/2022\/05\/image-1024x719.png 1024w, https:\/\/initiative-waidmannslust.com\/wp-content\/uploads\/2022\/05\/image-300x211.png 300w, https:\/\/initiative-waidmannslust.com\/wp-content\/uploads\/2022\/05\/image-768x539.png 768w, https:\/\/initiative-waidmannslust.com\/wp-content\/uploads\/2022\/05\/image.png 1064w\" sizes=\"auto, (max-width: 287px) 100vw, 287px\" \/><\/a><figcaption>Ulrich und Jan Vetter<\/figcaption><\/figure><\/div>\n<\/div>\n<\/div>\n\n\n\n<div class=\"wp-block-columns is-layout-flex wp-container-core-columns-is-layout-9d6595d7 wp-block-columns-is-layout-flex\">\n<div class=\"wp-block-column is-layout-flow wp-block-column-is-layout-flow\" style=\"flex-basis:100%\"><\/div>\n<\/div>\n","protected":false},"excerpt":{"rendered":"<p>Zu den Interviews geht es mit einem Klick auf das &hellip; <\/p>\n","protected":false},"author":1,"featured_media":0,"parent":0,"menu_order":0,"comment_status":"closed","ping_status":"closed","template":"","meta":{"_bbp_topic_count":0,"_bbp_reply_count":0,"_bbp_total_topic_count":0,"_bbp_total_reply_count":0,"_bbp_voice_count":0,"_bbp_anonymous_reply_count":0,"_bbp_topic_count_hidden":0,"_bbp_reply_count_hidden":0,"_bbp_forum_subforum_count":0,"footnotes":""},"class_list":["post-871","page","type-page","status-publish","hentry"],"yoast_head":"<!-- This site is optimized with the Yoast SEO plugin v27.4 - https:\/\/yoast.com\/product\/yoast-seo-wordpress\/ -->\n<title>Waidmannsluster K\u00f6pfe - Initiative-Waidmannslust<\/title>\n<meta name=\"robots\" content=\"index, follow, max-snippet:-1, max-image-preview:large, max-video-preview:-1\" \/>\n<link rel=\"canonical\" href=\"https:\/\/initiative-waidmannslust.com\/index.php\/waidmannsluster-koepfe\/\" \/>\n<meta property=\"og:locale\" content=\"de_DE\" \/>\n<meta property=\"og:type\" content=\"article\" \/>\n<meta property=\"og:title\" content=\"Waidmannsluster K\u00f6pfe - Initiative-Waidmannslust\" \/>\n<meta property=\"og:description\" content=\"Zu den Interviews geht es mit einem Klick auf das &hellip;\" \/>\n<meta property=\"og:url\" content=\"https:\/\/initiative-waidmannslust.com\/index.php\/waidmannsluster-koepfe\/\" \/>\n<meta property=\"og:site_name\" content=\"Initiative-Waidmannslust\" \/>\n<meta property=\"article:modified_time\" content=\"2022-05-09T18:52:08+00:00\" \/>\n<meta property=\"og:image\" content=\"https:\/\/initiative-waidmannslust.com\/wp-content\/uploads\/2021\/06\/Herr-Anders_Passbildgroesse.jpg\" \/>\n<meta name=\"twitter:card\" content=\"summary_large_image\" \/>\n<meta name=\"twitter:label1\" content=\"Gesch\u00e4tzte Lesezeit\" \/>\n\t<meta name=\"twitter:data1\" content=\"3\u00a0Minuten\" \/>\n<script type=\"application\/ld+json\" class=\"yoast-schema-graph\">{\"@context\":\"https:\\\/\\\/schema.org\",\"@graph\":[{\"@type\":\"WebPage\",\"@id\":\"https:\\\/\\\/initiative-waidmannslust.com\\\/index.php\\\/waidmannsluster-koepfe\\\/\",\"url\":\"https:\\\/\\\/initiative-waidmannslust.com\\\/index.php\\\/waidmannsluster-koepfe\\\/\",\"name\":\"Waidmannsluster K\u00f6pfe - Initiative-Waidmannslust\",\"isPartOf\":{\"@id\":\"https:\\\/\\\/initiative-waidmannslust.com\\\/#website\"},\"primaryImageOfPage\":{\"@id\":\"https:\\\/\\\/initiative-waidmannslust.com\\\/index.php\\\/waidmannsluster-koepfe\\\/#primaryimage\"},\"image\":{\"@id\":\"https:\\\/\\\/initiative-waidmannslust.com\\\/index.php\\\/waidmannsluster-koepfe\\\/#primaryimage\"},\"thumbnailUrl\":\"https:\\\/\\\/initiative-waidmannslust.com\\\/wp-content\\\/uploads\\\/2021\\\/06\\\/Herr-Anders_Passbildgroesse.jpg\",\"datePublished\":\"2021-06-22T16:23:35+00:00\",\"dateModified\":\"2022-05-09T18:52:08+00:00\",\"breadcrumb\":{\"@id\":\"https:\\\/\\\/initiative-waidmannslust.com\\\/index.php\\\/waidmannsluster-koepfe\\\/#breadcrumb\"},\"inLanguage\":\"de\",\"potentialAction\":[{\"@type\":\"ReadAction\",\"target\":[\"https:\\\/\\\/initiative-waidmannslust.com\\\/index.php\\\/waidmannsluster-koepfe\\\/\"]}]},{\"@type\":\"ImageObject\",\"inLanguage\":\"de\",\"@id\":\"https:\\\/\\\/initiative-waidmannslust.com\\\/index.php\\\/waidmannsluster-koepfe\\\/#primaryimage\",\"url\":\"https:\\\/\\\/initiative-waidmannslust.com\\\/wp-content\\\/uploads\\\/2021\\\/06\\\/Herr-Anders_Passbildgroesse.jpg\",\"contentUrl\":\"https:\\\/\\\/initiative-waidmannslust.com\\\/wp-content\\\/uploads\\\/2021\\\/06\\\/Herr-Anders_Passbildgroesse.jpg\",\"width\":413,\"height\":532},{\"@type\":\"BreadcrumbList\",\"@id\":\"https:\\\/\\\/initiative-waidmannslust.com\\\/index.php\\\/waidmannsluster-koepfe\\\/#breadcrumb\",\"itemListElement\":[{\"@type\":\"ListItem\",\"position\":1,\"name\":\"Startseite\",\"item\":\"https:\\\/\\\/initiative-waidmannslust.com\\\/\"},{\"@type\":\"ListItem\",\"position\":2,\"name\":\"Waidmannsluster K\u00f6pfe\"}]},{\"@type\":\"WebSite\",\"@id\":\"https:\\\/\\\/initiative-waidmannslust.com\\\/#website\",\"url\":\"https:\\\/\\\/initiative-waidmannslust.com\\\/\",\"name\":\"Initiative-Waidmannslust\",\"description\":\"\",\"publisher\":{\"@id\":\"https:\\\/\\\/initiative-waidmannslust.com\\\/#organization\"},\"potentialAction\":[{\"@type\":\"SearchAction\",\"target\":{\"@type\":\"EntryPoint\",\"urlTemplate\":\"https:\\\/\\\/initiative-waidmannslust.com\\\/?s={search_term_string}\"},\"query-input\":{\"@type\":\"PropertyValueSpecification\",\"valueRequired\":true,\"valueName\":\"search_term_string\"}}],\"inLanguage\":\"de\"},{\"@type\":\"Organization\",\"@id\":\"https:\\\/\\\/initiative-waidmannslust.com\\\/#organization\",\"name\":\"Initiative Waidmannslust\",\"url\":\"https:\\\/\\\/initiative-waidmannslust.com\\\/\",\"logo\":{\"@type\":\"ImageObject\",\"inLanguage\":\"de\",\"@id\":\"https:\\\/\\\/initiative-waidmannslust.com\\\/#\\\/schema\\\/logo\\\/image\\\/\",\"url\":\"https:\\\/\\\/initiative-waidmannslust.com\\\/wp-content\\\/uploads\\\/2020\\\/01\\\/cropped-Logo-3.png\",\"contentUrl\":\"https:\\\/\\\/initiative-waidmannslust.com\\\/wp-content\\\/uploads\\\/2020\\\/01\\\/cropped-Logo-3.png\",\"width\":200,\"height\":52,\"caption\":\"Initiative Waidmannslust\"},\"image\":{\"@id\":\"https:\\\/\\\/initiative-waidmannslust.com\\\/#\\\/schema\\\/logo\\\/image\\\/\"}}]}<\/script>\n<!-- \/ Yoast SEO plugin. -->","yoast_head_json":{"title":"Waidmannsluster K\u00f6pfe - Initiative-Waidmannslust","robots":{"index":"index","follow":"follow","max-snippet":"max-snippet:-1","max-image-preview":"max-image-preview:large","max-video-preview":"max-video-preview:-1"},"canonical":"https:\/\/initiative-waidmannslust.com\/index.php\/waidmannsluster-koepfe\/","og_locale":"de_DE","og_type":"article","og_title":"Waidmannsluster K\u00f6pfe - Initiative-Waidmannslust","og_description":"Zu den Interviews geht es mit einem Klick auf das &hellip;","og_url":"https:\/\/initiative-waidmannslust.com\/index.php\/waidmannsluster-koepfe\/","og_site_name":"Initiative-Waidmannslust","article_modified_time":"2022-05-09T18:52:08+00:00","og_image":[{"url":"https:\/\/initiative-waidmannslust.com\/wp-content\/uploads\/2021\/06\/Herr-Anders_Passbildgroesse.jpg","type":"","width":"","height":""}],"twitter_card":"summary_large_image","twitter_misc":{"Gesch\u00e4tzte Lesezeit":"3\u00a0Minuten"},"schema":{"@context":"https:\/\/schema.org","@graph":[{"@type":"WebPage","@id":"https:\/\/initiative-waidmannslust.com\/index.php\/waidmannsluster-koepfe\/","url":"https:\/\/initiative-waidmannslust.com\/index.php\/waidmannsluster-koepfe\/","name":"Waidmannsluster K\u00f6pfe - Initiative-Waidmannslust","isPartOf":{"@id":"https:\/\/initiative-waidmannslust.com\/#website"},"primaryImageOfPage":{"@id":"https:\/\/initiative-waidmannslust.com\/index.php\/waidmannsluster-koepfe\/#primaryimage"},"image":{"@id":"https:\/\/initiative-waidmannslust.com\/index.php\/waidmannsluster-koepfe\/#primaryimage"},"thumbnailUrl":"https:\/\/initiative-waidmannslust.com\/wp-content\/uploads\/2021\/06\/Herr-Anders_Passbildgroesse.jpg","datePublished":"2021-06-22T16:23:35+00:00","dateModified":"2022-05-09T18:52:08+00:00","breadcrumb":{"@id":"https:\/\/initiative-waidmannslust.com\/index.php\/waidmannsluster-koepfe\/#breadcrumb"},"inLanguage":"de","potentialAction":[{"@type":"ReadAction","target":["https:\/\/initiative-waidmannslust.com\/index.php\/waidmannsluster-koepfe\/"]}]},{"@type":"ImageObject","inLanguage":"de","@id":"https:\/\/initiative-waidmannslust.com\/index.php\/waidmannsluster-koepfe\/#primaryimage","url":"https:\/\/initiative-waidmannslust.com\/wp-content\/uploads\/2021\/06\/Herr-Anders_Passbildgroesse.jpg","contentUrl":"https:\/\/initiative-waidmannslust.com\/wp-content\/uploads\/2021\/06\/Herr-Anders_Passbildgroesse.jpg","width":413,"height":532},{"@type":"BreadcrumbList","@id":"https:\/\/initiative-waidmannslust.com\/index.php\/waidmannsluster-koepfe\/#breadcrumb","itemListElement":[{"@type":"ListItem","position":1,"name":"Startseite","item":"https:\/\/initiative-waidmannslust.com\/"},{"@type":"ListItem","position":2,"name":"Waidmannsluster K\u00f6pfe"}]},{"@type":"WebSite","@id":"https:\/\/initiative-waidmannslust.com\/#website","url":"https:\/\/initiative-waidmannslust.com\/","name":"Initiative-Waidmannslust","description":"","publisher":{"@id":"https:\/\/initiative-waidmannslust.com\/#organization"},"potentialAction":[{"@type":"SearchAction","target":{"@type":"EntryPoint","urlTemplate":"https:\/\/initiative-waidmannslust.com\/?s={search_term_string}"},"query-input":{"@type":"PropertyValueSpecification","valueRequired":true,"valueName":"search_term_string"}}],"inLanguage":"de"},{"@type":"Organization","@id":"https:\/\/initiative-waidmannslust.com\/#organization","name":"Initiative Waidmannslust","url":"https:\/\/initiative-waidmannslust.com\/","logo":{"@type":"ImageObject","inLanguage":"de","@id":"https:\/\/initiative-waidmannslust.com\/#\/schema\/logo\/image\/","url":"https:\/\/initiative-waidmannslust.com\/wp-content\/uploads\/2020\/01\/cropped-Logo-3.png","contentUrl":"https:\/\/initiative-waidmannslust.com\/wp-content\/uploads\/2020\/01\/cropped-Logo-3.png","width":200,"height":52,"caption":"Initiative Waidmannslust"},"image":{"@id":"https:\/\/initiative-waidmannslust.com\/#\/schema\/logo\/image\/"}}]}},"_links":{"self":[{"href":"https:\/\/initiative-waidmannslust.com\/index.php\/wp-json\/wp\/v2\/pages\/871","targetHints":{"allow":["GET"]}}],"collection":[{"href":"https:\/\/initiative-waidmannslust.com\/index.php\/wp-json\/wp\/v2\/pages"}],"about":[{"href":"https:\/\/initiative-waidmannslust.com\/index.php\/wp-json\/wp\/v2\/types\/page"}],"author":[{"embeddable":true,"href":"https:\/\/initiative-waidmannslust.com\/index.php\/wp-json\/wp\/v2\/users\/1"}],"replies":[{"embeddable":true,"href":"https:\/\/initiative-waidmannslust.com\/index.php\/wp-json\/wp\/v2\/comments?post=871"}],"version-history":[{"count":30,"href":"https:\/\/initiative-waidmannslust.com\/index.php\/wp-json\/wp\/v2\/pages\/871\/revisions"}],"predecessor-version":[{"id":1024,"href":"https:\/\/initiative-waidmannslust.com\/index.php\/wp-json\/wp\/v2\/pages\/871\/revisions\/1024"}],"wp:attachment":[{"href":"https:\/\/initiative-waidmannslust.com\/index.php\/wp-json\/wp\/v2\/media?parent=871"}],"curies":[{"name":"wp","href":"https:\/\/api.w.org\/{rel}","templated":true}]}}