{"id":2,"date":"2016-05-10T03:48:21","date_gmt":"2016-05-10T03:48:21","guid":{"rendered":"http:\/\/initiative-waidmannslust.com\/?page_id=2"},"modified":"2021-05-19T18:09:30","modified_gmt":"2021-05-19T18:09:30","slug":"sample-page","status":"publish","type":"page","link":"https:\/\/initiative-waidmannslust.com\/index.php\/sample-page\/","title":{"rendered":"\u00dcber uns"},"content":{"rendered":"\n<figure class=\"wp-block-image size-large\"><img loading=\"lazy\" decoding=\"async\" width=\"1024\" height=\"719\" src=\"https:\/\/initiative-waidmannslust.com\/wp-content\/uploads\/2021\/05\/Mitglieder-1024x719.png\" alt=\"\" class=\"wp-image-865\" srcset=\"https:\/\/initiative-waidmannslust.com\/wp-content\/uploads\/2021\/05\/Mitglieder-1024x719.png 1024w, https:\/\/initiative-waidmannslust.com\/wp-content\/uploads\/2021\/05\/Mitglieder-300x211.png 300w, https:\/\/initiative-waidmannslust.com\/wp-content\/uploads\/2021\/05\/Mitglieder-768x540.png 768w, https:\/\/initiative-waidmannslust.com\/wp-content\/uploads\/2021\/05\/Mitglieder.png 1244w\" sizes=\"auto, (max-width: 1024px) 100vw, 1024px\" \/><\/figure>\n\n\n\n<p>Wir sind eine Gruppe von Waidmannsluster B\u00fcrgerinnen und B\u00fcrgern, die schon l\u00e4nger in diesem Ortsteil wohnen und ihn sch\u00e4tzen.  Die Initiative Waidmannslust hat die Sorge um die negative Entwicklung des Ortsteils zusammengef\u00fchrt, sichtbar insbesondere am Waidmannsluster Damm, der von zunehmendem Leerstand ehemals sch\u00f6ner Villen sowie von Ladengesch\u00e4ften und Speiselokalen gekennzeichnet ist. <\/p>\n\n\n\n<p>Wir hatten deshalb&nbsp;bereits im Jahre 2013&nbsp;eine informelle Initiative mit dem Ziel gegr\u00fcndet, Waidmannslust (wieder) zu einem l(i)ebenswerten Ortsteil zu machen. Wir sind parteipolitisch neutral und verstehen uns als Forum interessierter B\u00fcrger, denen die Lebensqualit\u00e4t unseres Ortsteils am Herzen liegt. Wir diskutieren mit Investoren, Eigent\u00fcmern, Nachbarn und Vertretern der Politik und der Verwaltung und wollen uns f\u00fcr L\u00f6sungen von Problemen einsetzen. Hierzu arbeiten wir auch mit anderen Initiativen und \u00f6ffentlichen Einrichtungen zusammen.<\/p>\n\n\n\n<p>Als Ziele haben wir uns vor allem gesetzt:<\/p>\n\n\n\n<ul class=\"wp-block-list\"><li>Beseitigung von Leerstand und Schandflecken, von Vernachl\u00e4ssigung und Verfall<\/li><li>Verbesserung der Verkehrssituation und der Verkehrssicherheit<\/li><li>Belebung der kommerziellen Infrastruktur ( Gesch\u00e4fte, Gastronomie, etc.)<\/li><li>Gelebte Nachbarschaft<br>&nbsp;<\/li><\/ul>\n\n\n\n<p>Die Initiative sucht zur Verfolgung ihrer Ziele die Unterst\u00fctzung von Nachbarschaft, interessierten B\u00fcrgerinnen und B\u00fcrgern sowie von Politik und Verwaltung. Hierzu bedarf es fr\u00fchzeitiger Informationen untereinander, um gemeinsam etwas zu erreichen.<\/p>\n\n\n\n<p>Durch den engen Kontakt zum&nbsp;<em>F\u00f6rderverein der K\u00f6nigin-Luise-Kirche Waidmannslust e.V.<\/em>&nbsp; war es uns m\u00f6glich, die K\u00f6nigin-Luise-Kirche als Veranstaltungsort zu gewinnen.<\/p>\n\n\n\n<p><strong>ANSPRECHPARTNER<\/strong><\/p>\n\n\n\n<figure class=\"wp-block-table\"><table><tbody><tr><td> Helga&nbsp;und&nbsp;Wolfgang Nieschalk<\/td><td> <a rel=\"noreferrer noopener\" href=\"mailto:w.nieschalk@web.de\" target=\"_blank\">w.nieschalk@web.de<\/a> <\/td><\/tr><tr><td> Hannelore und Bernd Gemeinhardt <\/td><td> <a rel=\"noreferrer noopener\" href=\"mailto:hbgemeinhardt@gmail.com\" target=\"_blank\">hbgemeinhardt@gmail.com<\/a> <\/td><\/tr><tr><td> G\u00fcnther Poggel <\/td><td> <a rel=\"noreferrer noopener\" href=\"mailto:guenther.poggel@t-online.de\" target=\"_blank\">guenther.poggel@t-online.de<\/a> <\/td><\/tr><tr><td> Christine Paulisch  <\/td><td> <a rel=\"noreferrer noopener\" href=\"mailto:christine@paulisch.net\" target=\"_blank\">christine@paulisch.net<\/a> <\/td><\/tr><\/tbody><\/table><\/figure>\n","protected":false},"excerpt":{"rendered":"<p>Wir sind eine Gruppe von Waidmannsluster B\u00fcrgerinnen und B\u00fcrgern, die &hellip; <\/p>\n","protected":false},"author":1,"featured_media":0,"parent":0,"menu_order":0,"comment_status":"closed","ping_status":"open","template":"","meta":{"_bbp_topic_count":0,"_bbp_reply_count":0,"_bbp_total_topic_count":0,"_bbp_total_reply_count":0,"_bbp_voice_count":0,"_bbp_anonymous_reply_count":0,"_bbp_topic_count_hidden":0,"_bbp_reply_count_hidden":0,"_bbp_forum_subforum_count":0,"footnotes":""},"class_list":["post-2","page","type-page","status-publish","hentry"],"yoast_head":"<!-- This site is optimized with the Yoast SEO plugin v27.5 - https:\/\/yoast.com\/product\/yoast-seo-wordpress\/ -->\n<title>\u00dcber uns - Initiative-Waidmannslust<\/title>\n<meta name=\"robots\" content=\"index, follow, max-snippet:-1, max-image-preview:large, max-video-preview:-1\" \/>\n<link rel=\"canonical\" href=\"https:\/\/initiative-waidmannslust.com\/index.php\/sample-page\/\" \/>\n<meta property=\"og:locale\" content=\"de_DE\" \/>\n<meta property=\"og:type\" content=\"article\" \/>\n<meta property=\"og:title\" content=\"\u00dcber uns - Initiative-Waidmannslust\" \/>\n<meta property=\"og:description\" content=\"Wir sind eine Gruppe von Waidmannsluster B\u00fcrgerinnen und B\u00fcrgern, die &hellip;\" \/>\n<meta property=\"og:url\" content=\"https:\/\/initiative-waidmannslust.com\/index.php\/sample-page\/\" \/>\n<meta property=\"og:site_name\" content=\"Initiative-Waidmannslust\" \/>\n<meta property=\"article:modified_time\" content=\"2021-05-19T18:09:30+00:00\" \/>\n<meta property=\"og:image\" content=\"https:\/\/initiative-waidmannslust.com\/wp-content\/uploads\/2021\/05\/Mitglieder-1024x719.png\" \/>\n<meta name=\"twitter:card\" content=\"summary_large_image\" \/>\n<meta name=\"twitter:label1\" content=\"Gesch\u00e4tzte Lesezeit\" \/>\n\t<meta name=\"twitter:data1\" content=\"2\u00a0Minuten\" \/>\n<script type=\"application\/ld+json\" class=\"yoast-schema-graph\">{\"@context\":\"https:\\\/\\\/schema.org\",\"@graph\":[{\"@type\":\"WebPage\",\"@id\":\"https:\\\/\\\/initiative-waidmannslust.com\\\/index.php\\\/sample-page\\\/\",\"url\":\"https:\\\/\\\/initiative-waidmannslust.com\\\/index.php\\\/sample-page\\\/\",\"name\":\"\u00dcber uns - Initiative-Waidmannslust\",\"isPartOf\":{\"@id\":\"https:\\\/\\\/initiative-waidmannslust.com\\\/#website\"},\"primaryImageOfPage\":{\"@id\":\"https:\\\/\\\/initiative-waidmannslust.com\\\/index.php\\\/sample-page\\\/#primaryimage\"},\"image\":{\"@id\":\"https:\\\/\\\/initiative-waidmannslust.com\\\/index.php\\\/sample-page\\\/#primaryimage\"},\"thumbnailUrl\":\"https:\\\/\\\/initiative-waidmannslust.com\\\/wp-content\\\/uploads\\\/2021\\\/05\\\/Mitglieder-1024x719.png\",\"datePublished\":\"2016-05-10T03:48:21+00:00\",\"dateModified\":\"2021-05-19T18:09:30+00:00\",\"breadcrumb\":{\"@id\":\"https:\\\/\\\/initiative-waidmannslust.com\\\/index.php\\\/sample-page\\\/#breadcrumb\"},\"inLanguage\":\"de\",\"potentialAction\":[{\"@type\":\"ReadAction\",\"target\":[\"https:\\\/\\\/initiative-waidmannslust.com\\\/index.php\\\/sample-page\\\/\"]}]},{\"@type\":\"ImageObject\",\"inLanguage\":\"de\",\"@id\":\"https:\\\/\\\/initiative-waidmannslust.com\\\/index.php\\\/sample-page\\\/#primaryimage\",\"url\":\"https:\\\/\\\/initiative-waidmannslust.com\\\/wp-content\\\/uploads\\\/2021\\\/05\\\/Mitglieder.png\",\"contentUrl\":\"https:\\\/\\\/initiative-waidmannslust.com\\\/wp-content\\\/uploads\\\/2021\\\/05\\\/Mitglieder.png\",\"width\":1244,\"height\":874},{\"@type\":\"BreadcrumbList\",\"@id\":\"https:\\\/\\\/initiative-waidmannslust.com\\\/index.php\\\/sample-page\\\/#breadcrumb\",\"itemListElement\":[{\"@type\":\"ListItem\",\"position\":1,\"name\":\"Startseite\",\"item\":\"https:\\\/\\\/initiative-waidmannslust.com\\\/\"},{\"@type\":\"ListItem\",\"position\":2,\"name\":\"\u00dcber uns\"}]},{\"@type\":\"WebSite\",\"@id\":\"https:\\\/\\\/initiative-waidmannslust.com\\\/#website\",\"url\":\"https:\\\/\\\/initiative-waidmannslust.com\\\/\",\"name\":\"Initiative-Waidmannslust\",\"description\":\"\",\"publisher\":{\"@id\":\"https:\\\/\\\/initiative-waidmannslust.com\\\/#organization\"},\"potentialAction\":[{\"@type\":\"SearchAction\",\"target\":{\"@type\":\"EntryPoint\",\"urlTemplate\":\"https:\\\/\\\/initiative-waidmannslust.com\\\/?s={search_term_string}\"},\"query-input\":{\"@type\":\"PropertyValueSpecification\",\"valueRequired\":true,\"valueName\":\"search_term_string\"}}],\"inLanguage\":\"de\"},{\"@type\":\"Organization\",\"@id\":\"https:\\\/\\\/initiative-waidmannslust.com\\\/#organization\",\"name\":\"Initiative Waidmannslust\",\"url\":\"https:\\\/\\\/initiative-waidmannslust.com\\\/\",\"logo\":{\"@type\":\"ImageObject\",\"inLanguage\":\"de\",\"@id\":\"https:\\\/\\\/initiative-waidmannslust.com\\\/#\\\/schema\\\/logo\\\/image\\\/\",\"url\":\"https:\\\/\\\/initiative-waidmannslust.com\\\/wp-content\\\/uploads\\\/2020\\\/01\\\/cropped-Logo-3.png\",\"contentUrl\":\"https:\\\/\\\/initiative-waidmannslust.com\\\/wp-content\\\/uploads\\\/2020\\\/01\\\/cropped-Logo-3.png\",\"width\":200,\"height\":52,\"caption\":\"Initiative Waidmannslust\"},\"image\":{\"@id\":\"https:\\\/\\\/initiative-waidmannslust.com\\\/#\\\/schema\\\/logo\\\/image\\\/\"}}]}<\/script>\n<!-- \/ Yoast SEO plugin. -->","yoast_head_json":{"title":"\u00dcber uns - Initiative-Waidmannslust","robots":{"index":"index","follow":"follow","max-snippet":"max-snippet:-1","max-image-preview":"max-image-preview:large","max-video-preview":"max-video-preview:-1"},"canonical":"https:\/\/initiative-waidmannslust.com\/index.php\/sample-page\/","og_locale":"de_DE","og_type":"article","og_title":"\u00dcber uns - Initiative-Waidmannslust","og_description":"Wir sind eine Gruppe von Waidmannsluster B\u00fcrgerinnen und B\u00fcrgern, die &hellip;","og_url":"https:\/\/initiative-waidmannslust.com\/index.php\/sample-page\/","og_site_name":"Initiative-Waidmannslust","article_modified_time":"2021-05-19T18:09:30+00:00","og_image":[{"url":"https:\/\/initiative-waidmannslust.com\/wp-content\/uploads\/2021\/05\/Mitglieder-1024x719.png","type":"","width":"","height":""}],"twitter_card":"summary_large_image","twitter_misc":{"Gesch\u00e4tzte Lesezeit":"2\u00a0Minuten"},"schema":{"@context":"https:\/\/schema.org","@graph":[{"@type":"WebPage","@id":"https:\/\/initiative-waidmannslust.com\/index.php\/sample-page\/","url":"https:\/\/initiative-waidmannslust.com\/index.php\/sample-page\/","name":"\u00dcber uns - Initiative-Waidmannslust","isPartOf":{"@id":"https:\/\/initiative-waidmannslust.com\/#website"},"primaryImageOfPage":{"@id":"https:\/\/initiative-waidmannslust.com\/index.php\/sample-page\/#primaryimage"},"image":{"@id":"https:\/\/initiative-waidmannslust.com\/index.php\/sample-page\/#primaryimage"},"thumbnailUrl":"https:\/\/initiative-waidmannslust.com\/wp-content\/uploads\/2021\/05\/Mitglieder-1024x719.png","datePublished":"2016-05-10T03:48:21+00:00","dateModified":"2021-05-19T18:09:30+00:00","breadcrumb":{"@id":"https:\/\/initiative-waidmannslust.com\/index.php\/sample-page\/#breadcrumb"},"inLanguage":"de","potentialAction":[{"@type":"ReadAction","target":["https:\/\/initiative-waidmannslust.com\/index.php\/sample-page\/"]}]},{"@type":"ImageObject","inLanguage":"de","@id":"https:\/\/initiative-waidmannslust.com\/index.php\/sample-page\/#primaryimage","url":"https:\/\/initiative-waidmannslust.com\/wp-content\/uploads\/2021\/05\/Mitglieder.png","contentUrl":"https:\/\/initiative-waidmannslust.com\/wp-content\/uploads\/2021\/05\/Mitglieder.png","width":1244,"height":874},{"@type":"BreadcrumbList","@id":"https:\/\/initiative-waidmannslust.com\/index.php\/sample-page\/#breadcrumb","itemListElement":[{"@type":"ListItem","position":1,"name":"Startseite","item":"https:\/\/initiative-waidmannslust.com\/"},{"@type":"ListItem","position":2,"name":"\u00dcber uns"}]},{"@type":"WebSite","@id":"https:\/\/initiative-waidmannslust.com\/#website","url":"https:\/\/initiative-waidmannslust.com\/","name":"Initiative-Waidmannslust","description":"","publisher":{"@id":"https:\/\/initiative-waidmannslust.com\/#organization"},"potentialAction":[{"@type":"SearchAction","target":{"@type":"EntryPoint","urlTemplate":"https:\/\/initiative-waidmannslust.com\/?s={search_term_string}"},"query-input":{"@type":"PropertyValueSpecification","valueRequired":true,"valueName":"search_term_string"}}],"inLanguage":"de"},{"@type":"Organization","@id":"https:\/\/initiative-waidmannslust.com\/#organization","name":"Initiative Waidmannslust","url":"https:\/\/initiative-waidmannslust.com\/","logo":{"@type":"ImageObject","inLanguage":"de","@id":"https:\/\/initiative-waidmannslust.com\/#\/schema\/logo\/image\/","url":"https:\/\/initiative-waidmannslust.com\/wp-content\/uploads\/2020\/01\/cropped-Logo-3.png","contentUrl":"https:\/\/initiative-waidmannslust.com\/wp-content\/uploads\/2020\/01\/cropped-Logo-3.png","width":200,"height":52,"caption":"Initiative Waidmannslust"},"image":{"@id":"https:\/\/initiative-waidmannslust.com\/#\/schema\/logo\/image\/"}}]}},"_links":{"self":[{"href":"https:\/\/initiative-waidmannslust.com\/index.php\/wp-json\/wp\/v2\/pages\/2","targetHints":{"allow":["GET"]}}],"collection":[{"href":"https:\/\/initiative-waidmannslust.com\/index.php\/wp-json\/wp\/v2\/pages"}],"about":[{"href":"https:\/\/initiative-waidmannslust.com\/index.php\/wp-json\/wp\/v2\/types\/page"}],"author":[{"embeddable":true,"href":"https:\/\/initiative-waidmannslust.com\/index.php\/wp-json\/wp\/v2\/users\/1"}],"replies":[{"embeddable":true,"href":"https:\/\/initiative-waidmannslust.com\/index.php\/wp-json\/wp\/v2\/comments?post=2"}],"version-history":[{"count":7,"href":"https:\/\/initiative-waidmannslust.com\/index.php\/wp-json\/wp\/v2\/pages\/2\/revisions"}],"predecessor-version":[{"id":866,"href":"https:\/\/initiative-waidmannslust.com\/index.php\/wp-json\/wp\/v2\/pages\/2\/revisions\/866"}],"wp:attachment":[{"href":"https:\/\/initiative-waidmannslust.com\/index.php\/wp-json\/wp\/v2\/media?parent=2"}],"curies":[{"name":"wp","href":"https:\/\/api.w.org\/{rel}","templated":true}]}}