{"id":1017,"date":"2022-05-07T09:18:45","date_gmt":"2022-05-07T09:18:45","guid":{"rendered":"https:\/\/initiative-waidmannslust.com\/?page_id=1017"},"modified":"2022-05-07T09:18:47","modified_gmt":"2022-05-07T09:18:47","slug":"interview-mit-den-malermeistern-vetter","status":"publish","type":"page","link":"https:\/\/initiative-waidmannslust.com\/index.php\/interview-mit-den-malermeistern-vetter\/","title":{"rendered":"Interview mit den Malermeistern Vetter"},"content":{"rendered":"\n<p>Wenn man viele Jahre gemeinsam im Ortsteil wohnt, bleibt es nicht aus, dass man sich kennt! Aus diesem Grunde ist es mir als dem Interviewenden sicher erlaubt, Vater und Sohn Vetter weiter mit dem vertrauten \u201eDu\u201c anzusprechen.<\/p>\n\n\n\n<p>Ulrich Vetter, der Vater, gr\u00fcndete in den 70er-Jahren das Malergesch\u00e4ft, Jan, der Sohn, stieg irgendwann in die Gesch\u00e4ftsf\u00fchrung mit ein und f\u00fchrt den Betrieb mittlerweile schon einige Jahre unter dem Namen \u201eVettercolor\u201c und so manche frische Fassade im Ortsteil tr\u00e4gt seine Farben.<\/p>\n\n\n\n<figure class=\"wp-block-image size-large\"><img loading=\"lazy\" decoding=\"async\" width=\"1024\" height=\"719\" src=\"https:\/\/initiative-waidmannslust.com\/wp-content\/uploads\/2022\/05\/image-1024x719.png\" alt=\"\" class=\"wp-image-1018\" srcset=\"https:\/\/initiative-waidmannslust.com\/wp-content\/uploads\/2022\/05\/image-1024x719.png 1024w, https:\/\/initiative-waidmannslust.com\/wp-content\/uploads\/2022\/05\/image-300x211.png 300w, https:\/\/initiative-waidmannslust.com\/wp-content\/uploads\/2022\/05\/image-768x539.png 768w, https:\/\/initiative-waidmannslust.com\/wp-content\/uploads\/2022\/05\/image.png 1064w\" sizes=\"auto, (max-width: 1024px) 100vw, 1024px\" \/><\/figure>\n\n\n\n<p>Ulli, die erste Frage an dich:<\/p>\n\n\n\n<p><strong><em>In einem Exemplar der Mitgliederzeitschrift des Turnvereins Waidmannslust aus den 70er Jahren fand ich irgendwann mal dein Inserat mit der \u00dcberschrift \u201eJunger Malermeister sucht Bet\u00e4tigungsfelder\u201c. Du hast, wenn ich mich nicht irre, den Betrieb vor mehr als 50 Jahren gegr\u00fcndet und bist nach wie vor in der Gesch\u00e4ftsf\u00fchrung. Erz\u00e4hl doch bitte mal!<\/em><\/strong><\/p>\n\n\n\n<p>Ja, wir sind 1974 nach Waidmannslust gezogen.&nbsp; Zuerst nur Privat, sp\u00e4ter wurde der Firmensitz mit B\u00fcro und Garage an den W\u2019-Damm verlegt. In den 80er-Jahren kam die W\u00e4rmed\u00e4mmung auf, da waren wir eine der ersten Firmen, die die H\u00e4user mit Styroporplatten verkleidet haben. Sp\u00e4ter erweiterten wir uns bis zur Wende, um auch festzustellen das ein kleinerer famili\u00e4rer Betrieb weniger stressig ist und f\u00fcr die Privatkundschaft im Norden besser geeignet. Durch die Unterst\u00fctzung meines Sohnes wurde der Betrieb 2000 erneut umstrukturiert, sodass wir auch in diesem Jahrtausend weiter die Kundenw\u00fcnsche erf\u00fcllen k\u00f6nnen.<\/p>\n\n\n\n<p><strong><em>Jan, auch dich kenne ich seit deiner Schulzeit und ich vermute, dass du in Waidmannslust geboren wurdest. War das eigentlich klar f\u00fcr dich, in Vaters Fu\u00dfstapfen zu treten?<\/em><\/strong><\/p>\n\n\n\n<p>Ich habe es immer ehrlich ausgesprochen Was gibt es Sch\u00f6neres, als sich in ein \u201egemachtes Nest\u201c zu setzen. Die Firma war da und die Option, ein Handwerksmeister zu sein und sp\u00e4ter mal seine eigene funktionierende Firma zu haben, war nicht die schlechteste. Sicher w\u00e4re Rumh\u00e4ngen oder Auswandern ein Weg gewesen, aber so war es unkomplizierter, sein Gl\u00fcck in Berlin zu finden.<\/p>\n\n\n\n<p><strong><em>Ulli, pers\u00f6nlich haben wir uns in der Tischtennisriege des Turnvereins Waidmannslust kennen gelernt und du warst schon damals als flinker Ballk\u00fcnstler und gro\u00dfer Sponsor bekannt.<\/em><\/strong><\/p>\n\n\n\n<p><strong><em>Welche Bedeutung haben der Sport und seine Vereine f\u00fcr eine Kommune?<\/em><\/strong><\/p>\n\n\n\n<p>Sicher eine gro\u00dfe mit einer langen Tradition. Zugegebenerma\u00dfen habe ich mich auch in anderen Vereinen angemeldet, um neue Kundenfelder zu erschlie\u00dfen. So sind wir auch im VfL Tegel gelandet, wo der Ball etwas gr\u00f6\u00dfer und gelber ist. Aber gerade die kleineren Sportvereine mit den einzelnen Abteilungen f\u00f6rdern die Kontakte und fordern die Jugendlichen in unserem Bezirk<em>.<\/em><\/p>\n\n\n\n<figure class=\"wp-block-image size-full is-resized\"><img loading=\"lazy\" decoding=\"async\" src=\"https:\/\/initiative-waidmannslust.com\/wp-content\/uploads\/2022\/05\/image-1.png\" alt=\"\" class=\"wp-image-1019\" width=\"234\" height=\"327\" srcset=\"https:\/\/initiative-waidmannslust.com\/wp-content\/uploads\/2022\/05\/image-1.png 464w, https:\/\/initiative-waidmannslust.com\/wp-content\/uploads\/2022\/05\/image-1-215x300.png 215w\" sizes=\"auto, (max-width: 234px) 100vw, 234px\" \/><\/figure>\n\n\n\n<p><strong><em>Was gef\u00e4llt euch beiden Waidmannslustern am Ortsteil und was w\u00fcrdet ihr gern ver\u00e4ndern?<\/em><\/strong><\/p>\n\n\n\n<p>Waidmannslust, in Berlin ganz oben. Es ist sch\u00f6n zu sehen, dass sich Vereine wie die Initiative Waidmannslust oder auch die Kirche den Erhalt und die Pflege einzelner Geb\u00e4ude zur Aufgabe gemacht haben. Gerade der schwindende Baumbestand macht mir Sorgen. Sch\u00f6n zu sehen, das die neuen Geb\u00e4ude ins Stadtbild integriert werden und das auch auf die Umwelt geachtet wird. Schlie\u00dflich sind wir eine alte Jagdgegend, und es sollte auch weiterhin so idyllisch bleiben wie damals im Wald.<\/p>\n\n\n\n<p><em>Das Interview f\u00fchrte G\u00fcnther Poggel von der Initiative Waidmannslust.<\/em><\/p>\n","protected":false},"excerpt":{"rendered":"<p>Wenn man viele Jahre gemeinsam im Ortsteil wohnt, bleibt es &hellip; <\/p>\n","protected":false},"author":1,"featured_media":0,"parent":0,"menu_order":0,"comment_status":"closed","ping_status":"closed","template":"","meta":{"_bbp_topic_count":0,"_bbp_reply_count":0,"_bbp_total_topic_count":0,"_bbp_total_reply_count":0,"_bbp_voice_count":0,"_bbp_anonymous_reply_count":0,"_bbp_topic_count_hidden":0,"_bbp_reply_count_hidden":0,"_bbp_forum_subforum_count":0,"footnotes":""},"class_list":["post-1017","page","type-page","status-publish","hentry"],"yoast_head":"<!-- This site is optimized with the Yoast SEO plugin v27.4 - https:\/\/yoast.com\/product\/yoast-seo-wordpress\/ -->\n<title>Interview mit den Malermeistern Vetter - Initiative-Waidmannslust<\/title>\n<meta name=\"robots\" content=\"index, follow, max-snippet:-1, max-image-preview:large, max-video-preview:-1\" \/>\n<link rel=\"canonical\" href=\"https:\/\/initiative-waidmannslust.com\/index.php\/interview-mit-den-malermeistern-vetter\/\" \/>\n<meta property=\"og:locale\" content=\"de_DE\" \/>\n<meta property=\"og:type\" content=\"article\" \/>\n<meta property=\"og:title\" content=\"Interview mit den Malermeistern Vetter - Initiative-Waidmannslust\" \/>\n<meta property=\"og:description\" content=\"Wenn man viele Jahre gemeinsam im Ortsteil wohnt, bleibt es &hellip;\" \/>\n<meta property=\"og:url\" content=\"https:\/\/initiative-waidmannslust.com\/index.php\/interview-mit-den-malermeistern-vetter\/\" \/>\n<meta property=\"og:site_name\" content=\"Initiative-Waidmannslust\" \/>\n<meta property=\"article:modified_time\" content=\"2022-05-07T09:18:47+00:00\" \/>\n<meta property=\"og:image\" content=\"https:\/\/initiative-waidmannslust.com\/wp-content\/uploads\/2022\/05\/image-1024x719.png\" \/>\n<meta name=\"twitter:card\" content=\"summary_large_image\" \/>\n<meta name=\"twitter:label1\" content=\"Gesch\u00e4tzte Lesezeit\" \/>\n\t<meta name=\"twitter:data1\" content=\"4\u00a0Minuten\" \/>\n<script type=\"application\/ld+json\" class=\"yoast-schema-graph\">{\"@context\":\"https:\\\/\\\/schema.org\",\"@graph\":[{\"@type\":\"WebPage\",\"@id\":\"https:\\\/\\\/initiative-waidmannslust.com\\\/index.php\\\/interview-mit-den-malermeistern-vetter\\\/\",\"url\":\"https:\\\/\\\/initiative-waidmannslust.com\\\/index.php\\\/interview-mit-den-malermeistern-vetter\\\/\",\"name\":\"Interview mit den Malermeistern Vetter - Initiative-Waidmannslust\",\"isPartOf\":{\"@id\":\"https:\\\/\\\/initiative-waidmannslust.com\\\/#website\"},\"primaryImageOfPage\":{\"@id\":\"https:\\\/\\\/initiative-waidmannslust.com\\\/index.php\\\/interview-mit-den-malermeistern-vetter\\\/#primaryimage\"},\"image\":{\"@id\":\"https:\\\/\\\/initiative-waidmannslust.com\\\/index.php\\\/interview-mit-den-malermeistern-vetter\\\/#primaryimage\"},\"thumbnailUrl\":\"https:\\\/\\\/initiative-waidmannslust.com\\\/wp-content\\\/uploads\\\/2022\\\/05\\\/image-1024x719.png\",\"datePublished\":\"2022-05-07T09:18:45+00:00\",\"dateModified\":\"2022-05-07T09:18:47+00:00\",\"breadcrumb\":{\"@id\":\"https:\\\/\\\/initiative-waidmannslust.com\\\/index.php\\\/interview-mit-den-malermeistern-vetter\\\/#breadcrumb\"},\"inLanguage\":\"de\",\"potentialAction\":[{\"@type\":\"ReadAction\",\"target\":[\"https:\\\/\\\/initiative-waidmannslust.com\\\/index.php\\\/interview-mit-den-malermeistern-vetter\\\/\"]}]},{\"@type\":\"ImageObject\",\"inLanguage\":\"de\",\"@id\":\"https:\\\/\\\/initiative-waidmannslust.com\\\/index.php\\\/interview-mit-den-malermeistern-vetter\\\/#primaryimage\",\"url\":\"https:\\\/\\\/initiative-waidmannslust.com\\\/wp-content\\\/uploads\\\/2022\\\/05\\\/image.png\",\"contentUrl\":\"https:\\\/\\\/initiative-waidmannslust.com\\\/wp-content\\\/uploads\\\/2022\\\/05\\\/image.png\",\"width\":1064,\"height\":747},{\"@type\":\"BreadcrumbList\",\"@id\":\"https:\\\/\\\/initiative-waidmannslust.com\\\/index.php\\\/interview-mit-den-malermeistern-vetter\\\/#breadcrumb\",\"itemListElement\":[{\"@type\":\"ListItem\",\"position\":1,\"name\":\"Startseite\",\"item\":\"https:\\\/\\\/initiative-waidmannslust.com\\\/\"},{\"@type\":\"ListItem\",\"position\":2,\"name\":\"Interview mit den Malermeistern Vetter\"}]},{\"@type\":\"WebSite\",\"@id\":\"https:\\\/\\\/initiative-waidmannslust.com\\\/#website\",\"url\":\"https:\\\/\\\/initiative-waidmannslust.com\\\/\",\"name\":\"Initiative-Waidmannslust\",\"description\":\"\",\"publisher\":{\"@id\":\"https:\\\/\\\/initiative-waidmannslust.com\\\/#organization\"},\"potentialAction\":[{\"@type\":\"SearchAction\",\"target\":{\"@type\":\"EntryPoint\",\"urlTemplate\":\"https:\\\/\\\/initiative-waidmannslust.com\\\/?s={search_term_string}\"},\"query-input\":{\"@type\":\"PropertyValueSpecification\",\"valueRequired\":true,\"valueName\":\"search_term_string\"}}],\"inLanguage\":\"de\"},{\"@type\":\"Organization\",\"@id\":\"https:\\\/\\\/initiative-waidmannslust.com\\\/#organization\",\"name\":\"Initiative Waidmannslust\",\"url\":\"https:\\\/\\\/initiative-waidmannslust.com\\\/\",\"logo\":{\"@type\":\"ImageObject\",\"inLanguage\":\"de\",\"@id\":\"https:\\\/\\\/initiative-waidmannslust.com\\\/#\\\/schema\\\/logo\\\/image\\\/\",\"url\":\"https:\\\/\\\/initiative-waidmannslust.com\\\/wp-content\\\/uploads\\\/2020\\\/01\\\/cropped-Logo-3.png\",\"contentUrl\":\"https:\\\/\\\/initiative-waidmannslust.com\\\/wp-content\\\/uploads\\\/2020\\\/01\\\/cropped-Logo-3.png\",\"width\":200,\"height\":52,\"caption\":\"Initiative Waidmannslust\"},\"image\":{\"@id\":\"https:\\\/\\\/initiative-waidmannslust.com\\\/#\\\/schema\\\/logo\\\/image\\\/\"}}]}<\/script>\n<!-- \/ Yoast SEO plugin. -->","yoast_head_json":{"title":"Interview mit den Malermeistern Vetter - Initiative-Waidmannslust","robots":{"index":"index","follow":"follow","max-snippet":"max-snippet:-1","max-image-preview":"max-image-preview:large","max-video-preview":"max-video-preview:-1"},"canonical":"https:\/\/initiative-waidmannslust.com\/index.php\/interview-mit-den-malermeistern-vetter\/","og_locale":"de_DE","og_type":"article","og_title":"Interview mit den Malermeistern Vetter - Initiative-Waidmannslust","og_description":"Wenn man viele Jahre gemeinsam im Ortsteil wohnt, bleibt es &hellip;","og_url":"https:\/\/initiative-waidmannslust.com\/index.php\/interview-mit-den-malermeistern-vetter\/","og_site_name":"Initiative-Waidmannslust","article_modified_time":"2022-05-07T09:18:47+00:00","og_image":[{"url":"https:\/\/initiative-waidmannslust.com\/wp-content\/uploads\/2022\/05\/image-1024x719.png","type":"","width":"","height":""}],"twitter_card":"summary_large_image","twitter_misc":{"Gesch\u00e4tzte Lesezeit":"4\u00a0Minuten"},"schema":{"@context":"https:\/\/schema.org","@graph":[{"@type":"WebPage","@id":"https:\/\/initiative-waidmannslust.com\/index.php\/interview-mit-den-malermeistern-vetter\/","url":"https:\/\/initiative-waidmannslust.com\/index.php\/interview-mit-den-malermeistern-vetter\/","name":"Interview mit den Malermeistern Vetter - Initiative-Waidmannslust","isPartOf":{"@id":"https:\/\/initiative-waidmannslust.com\/#website"},"primaryImageOfPage":{"@id":"https:\/\/initiative-waidmannslust.com\/index.php\/interview-mit-den-malermeistern-vetter\/#primaryimage"},"image":{"@id":"https:\/\/initiative-waidmannslust.com\/index.php\/interview-mit-den-malermeistern-vetter\/#primaryimage"},"thumbnailUrl":"https:\/\/initiative-waidmannslust.com\/wp-content\/uploads\/2022\/05\/image-1024x719.png","datePublished":"2022-05-07T09:18:45+00:00","dateModified":"2022-05-07T09:18:47+00:00","breadcrumb":{"@id":"https:\/\/initiative-waidmannslust.com\/index.php\/interview-mit-den-malermeistern-vetter\/#breadcrumb"},"inLanguage":"de","potentialAction":[{"@type":"ReadAction","target":["https:\/\/initiative-waidmannslust.com\/index.php\/interview-mit-den-malermeistern-vetter\/"]}]},{"@type":"ImageObject","inLanguage":"de","@id":"https:\/\/initiative-waidmannslust.com\/index.php\/interview-mit-den-malermeistern-vetter\/#primaryimage","url":"https:\/\/initiative-waidmannslust.com\/wp-content\/uploads\/2022\/05\/image.png","contentUrl":"https:\/\/initiative-waidmannslust.com\/wp-content\/uploads\/2022\/05\/image.png","width":1064,"height":747},{"@type":"BreadcrumbList","@id":"https:\/\/initiative-waidmannslust.com\/index.php\/interview-mit-den-malermeistern-vetter\/#breadcrumb","itemListElement":[{"@type":"ListItem","position":1,"name":"Startseite","item":"https:\/\/initiative-waidmannslust.com\/"},{"@type":"ListItem","position":2,"name":"Interview mit den Malermeistern Vetter"}]},{"@type":"WebSite","@id":"https:\/\/initiative-waidmannslust.com\/#website","url":"https:\/\/initiative-waidmannslust.com\/","name":"Initiative-Waidmannslust","description":"","publisher":{"@id":"https:\/\/initiative-waidmannslust.com\/#organization"},"potentialAction":[{"@type":"SearchAction","target":{"@type":"EntryPoint","urlTemplate":"https:\/\/initiative-waidmannslust.com\/?s={search_term_string}"},"query-input":{"@type":"PropertyValueSpecification","valueRequired":true,"valueName":"search_term_string"}}],"inLanguage":"de"},{"@type":"Organization","@id":"https:\/\/initiative-waidmannslust.com\/#organization","name":"Initiative Waidmannslust","url":"https:\/\/initiative-waidmannslust.com\/","logo":{"@type":"ImageObject","inLanguage":"de","@id":"https:\/\/initiative-waidmannslust.com\/#\/schema\/logo\/image\/","url":"https:\/\/initiative-waidmannslust.com\/wp-content\/uploads\/2020\/01\/cropped-Logo-3.png","contentUrl":"https:\/\/initiative-waidmannslust.com\/wp-content\/uploads\/2020\/01\/cropped-Logo-3.png","width":200,"height":52,"caption":"Initiative Waidmannslust"},"image":{"@id":"https:\/\/initiative-waidmannslust.com\/#\/schema\/logo\/image\/"}}]}},"_links":{"self":[{"href":"https:\/\/initiative-waidmannslust.com\/index.php\/wp-json\/wp\/v2\/pages\/1017","targetHints":{"allow":["GET"]}}],"collection":[{"href":"https:\/\/initiative-waidmannslust.com\/index.php\/wp-json\/wp\/v2\/pages"}],"about":[{"href":"https:\/\/initiative-waidmannslust.com\/index.php\/wp-json\/wp\/v2\/types\/page"}],"author":[{"embeddable":true,"href":"https:\/\/initiative-waidmannslust.com\/index.php\/wp-json\/wp\/v2\/users\/1"}],"replies":[{"embeddable":true,"href":"https:\/\/initiative-waidmannslust.com\/index.php\/wp-json\/wp\/v2\/comments?post=1017"}],"version-history":[{"count":1,"href":"https:\/\/initiative-waidmannslust.com\/index.php\/wp-json\/wp\/v2\/pages\/1017\/revisions"}],"predecessor-version":[{"id":1020,"href":"https:\/\/initiative-waidmannslust.com\/index.php\/wp-json\/wp\/v2\/pages\/1017\/revisions\/1020"}],"wp:attachment":[{"href":"https:\/\/initiative-waidmannslust.com\/index.php\/wp-json\/wp\/v2\/media?parent=1017"}],"curies":[{"name":"wp","href":"https:\/\/api.w.org\/{rel}","templated":true}]}}